{"id":80664,"date":"2024-11-28T12:03:41","date_gmt":"2024-11-28T12:03:41","guid":{"rendered":"https:\/\/www.silvian.nl\/product\/dragapult-3\/"},"modified":"2024-12-05T00:28:31","modified_gmt":"2024-12-05T00:28:31","slug":"dragapult-3","status":"publish","type":"product","link":"https:\/\/www.silvian.nl\/nl\/product\/dragapult-3\/","title":{"rendered":"Dragapult"},"content":{"rendered":"<p>Discard a number of your Benched Dreepy up to the number of your opponent&#8217;s Pok\u00e9mon in play. Then, for each Dreepy you discarded in this way, choose 1 of your opponent&#8217;s Pok\u00e9mon and do 100 damage to it. You can&#8217;t choose the same Pok\u00e9mon more than once. This damage isn&#8217;t affected by Weakness or Resistance.<\/p>\n","protected":false},"excerpt":{"rendered":"<p>When it isn&#8217;t battling, it keeps Dreepy in the holes on its horns. Once a fight starts, it launches the Dreepy like supersonic missiles.<\/p>\n","protected":false},"featured_media":80651,"template":"","meta":[],"product_cat":[4398,2971],"product_tag":[],"class_list":{"0":"post-80664","1":"product","2":"type-product","3":"status-publish","4":"has-post-thumbnail","6":"product_cat-silver-tempest","7":"product_cat-sword-shield","9":"first","10":"outofstock","11":"shipping-taxable","12":"product-type-simple"},"_links":{"self":[{"href":"https:\/\/www.silvian.nl\/nl\/wp-json\/wp\/v2\/product\/80664","targetHints":{"allow":["GET"]}}],"collection":[{"href":"https:\/\/www.silvian.nl\/nl\/wp-json\/wp\/v2\/product"}],"about":[{"href":"https:\/\/www.silvian.nl\/nl\/wp-json\/wp\/v2\/types\/product"}],"wp:featuredmedia":[{"embeddable":true,"href":"https:\/\/www.silvian.nl\/nl\/wp-json\/wp\/v2\/media\/80651"}],"wp:attachment":[{"href":"https:\/\/www.silvian.nl\/nl\/wp-json\/wp\/v2\/media?parent=80664"}],"wp:term":[{"taxonomy":"product_cat","embeddable":true,"href":"https:\/\/www.silvian.nl\/nl\/wp-json\/wp\/v2\/product_cat?post=80664"},{"taxonomy":"product_tag","embeddable":true,"href":"https:\/\/www.silvian.nl\/nl\/wp-json\/wp\/v2\/product_tag?post=80664"}],"curies":[{"name":"wp","href":"https:\/\/api.w.org\/{rel}","templated":true}]}}