{"id":71302,"date":"2024-11-27T14:18:37","date_gmt":"2024-11-27T14:18:37","guid":{"rendered":"https:\/\/www.silvian.nl\/product\/eiscue-5\/"},"modified":"2024-12-05T00:14:44","modified_gmt":"2024-12-05T00:14:44","slug":"eiscue-5","status":"publish","type":"product","link":"https:\/\/www.silvian.nl\/nl\/product\/eiscue-5\/","title":{"rendered":"Eiscue"},"content":{"rendered":"<p>This attack does 40 damage to 1 of your opponent&#8217;s Pok\u00e9mon for each Fusion Strike Energy attached to all of your Pok\u00e9mon. (Don&#8217;t apply Weakness and Resistance for Benched Pok\u00e9mon.)<\/p>\n","protected":false},"excerpt":{"rendered":"<p>The hair on its head connects to the surface of its brain. When this Pok\u00e9mon has something on its mind, its hair chills the air around it.<\/p>\n","protected":false},"featured_media":71289,"template":"","meta":[],"product_cat":[4106,2971],"product_tag":[],"class_list":{"0":"post-71302","1":"product","2":"type-product","3":"status-publish","4":"has-post-thumbnail","6":"product_cat-brilliant-stars","7":"product_cat-sword-shield","9":"first","10":"outofstock","11":"shipping-taxable","12":"product-type-simple"},"_links":{"self":[{"href":"https:\/\/www.silvian.nl\/nl\/wp-json\/wp\/v2\/product\/71302","targetHints":{"allow":["GET"]}}],"collection":[{"href":"https:\/\/www.silvian.nl\/nl\/wp-json\/wp\/v2\/product"}],"about":[{"href":"https:\/\/www.silvian.nl\/nl\/wp-json\/wp\/v2\/types\/product"}],"wp:featuredmedia":[{"embeddable":true,"href":"https:\/\/www.silvian.nl\/nl\/wp-json\/wp\/v2\/media\/71289"}],"wp:attachment":[{"href":"https:\/\/www.silvian.nl\/nl\/wp-json\/wp\/v2\/media?parent=71302"}],"wp:term":[{"taxonomy":"product_cat","embeddable":true,"href":"https:\/\/www.silvian.nl\/nl\/wp-json\/wp\/v2\/product_cat?post=71302"},{"taxonomy":"product_tag","embeddable":true,"href":"https:\/\/www.silvian.nl\/nl\/wp-json\/wp\/v2\/product_tag?post=71302"}],"curies":[{"name":"wp","href":"https:\/\/api.w.org\/{rel}","templated":true}]}}