{"id":69007,"date":"2024-11-27T13:00:47","date_gmt":"2024-11-27T13:00:47","guid":{"rendered":"https:\/\/www.silvian.nl\/product\/toxicroak-4\/"},"modified":"2024-12-05T00:11:49","modified_gmt":"2024-12-05T00:11:49","slug":"toxicroak-4","status":"publish","type":"product","link":"https:\/\/www.silvian.nl\/nl\/product\/toxicroak-4\/","title":{"rendered":"Toxicroak"},"content":{"rendered":"<p>Your opponent&#8217;s Active Pok\u00e9mon is now Poisoned. During Pok\u00e9mon Checkup, put 4 damage counters on that Pok\u00e9mon instead of 1.<\/p>\n","protected":false},"excerpt":{"rendered":"<p>It booms out a victory croak when its prey goes down in defeat. This Pok\u00e9mon and Seismitoad are related species.<\/p>\n","protected":false},"featured_media":68994,"template":"","meta":[],"product_cat":[3975,2971],"product_tag":[],"class_list":{"0":"post-69007","1":"product","2":"type-product","3":"status-publish","4":"has-post-thumbnail","6":"product_cat-fusion-strike","7":"product_cat-sword-shield","9":"first","10":"outofstock","11":"shipping-taxable","12":"product-type-simple"},"_links":{"self":[{"href":"https:\/\/www.silvian.nl\/nl\/wp-json\/wp\/v2\/product\/69007","targetHints":{"allow":["GET"]}}],"collection":[{"href":"https:\/\/www.silvian.nl\/nl\/wp-json\/wp\/v2\/product"}],"about":[{"href":"https:\/\/www.silvian.nl\/nl\/wp-json\/wp\/v2\/types\/product"}],"wp:featuredmedia":[{"embeddable":true,"href":"https:\/\/www.silvian.nl\/nl\/wp-json\/wp\/v2\/media\/68994"}],"wp:attachment":[{"href":"https:\/\/www.silvian.nl\/nl\/wp-json\/wp\/v2\/media?parent=69007"}],"wp:term":[{"taxonomy":"product_cat","embeddable":true,"href":"https:\/\/www.silvian.nl\/nl\/wp-json\/wp\/v2\/product_cat?post=69007"},{"taxonomy":"product_tag","embeddable":true,"href":"https:\/\/www.silvian.nl\/nl\/wp-json\/wp\/v2\/product_tag?post=69007"}],"curies":[{"name":"wp","href":"https:\/\/api.w.org\/{rel}","templated":true}]}}