{"id":61506,"date":"2024-11-27T07:51:58","date_gmt":"2024-11-27T07:51:58","guid":{"rendered":"https:\/\/www.silvian.nl\/product\/spiritomb-5\/"},"modified":"2024-12-04T23:57:51","modified_gmt":"2024-12-04T23:57:51","slug":"spiritomb-5","status":"publish","type":"product","link":"https:\/\/www.silvian.nl\/nl\/product\/spiritomb-5\/","title":{"rendered":"Spiritomb"},"content":{"rendered":"<p>For each Pok\u00e9mon in your opponent&#8217;s discard pile, put 1 damage counter on your opponent&#8217;s Pok\u00e9mon in any way you like. If you placed any damage counters in this way, your opponent shuffles all Pok\u00e9mon from their discard pile into their deck.<\/p>\n","protected":false},"excerpt":{"rendered":"<p>It was bound to a fissure in an Odd Keystone as punishment for misdeeds 500 years ago.<\/p>\n","protected":false},"featured_media":61493,"template":"","meta":[],"product_cat":[3785,2971],"product_tag":[],"class_list":{"0":"post-61506","1":"product","2":"type-product","3":"status-publish","4":"has-post-thumbnail","6":"product_cat-chilling-reign","7":"product_cat-sword-shield","9":"first","10":"outofstock","11":"shipping-taxable","12":"product-type-simple"},"_links":{"self":[{"href":"https:\/\/www.silvian.nl\/nl\/wp-json\/wp\/v2\/product\/61506","targetHints":{"allow":["GET"]}}],"collection":[{"href":"https:\/\/www.silvian.nl\/nl\/wp-json\/wp\/v2\/product"}],"about":[{"href":"https:\/\/www.silvian.nl\/nl\/wp-json\/wp\/v2\/types\/product"}],"wp:featuredmedia":[{"embeddable":true,"href":"https:\/\/www.silvian.nl\/nl\/wp-json\/wp\/v2\/media\/61493"}],"wp:attachment":[{"href":"https:\/\/www.silvian.nl\/nl\/wp-json\/wp\/v2\/media?parent=61506"}],"wp:term":[{"taxonomy":"product_cat","embeddable":true,"href":"https:\/\/www.silvian.nl\/nl\/wp-json\/wp\/v2\/product_cat?post=61506"},{"taxonomy":"product_tag","embeddable":true,"href":"https:\/\/www.silvian.nl\/nl\/wp-json\/wp\/v2\/product_tag?post=61506"}],"curies":[{"name":"wp","href":"https:\/\/api.w.org\/{rel}","templated":true}]}}