{"id":5745,"date":"2024-11-20T13:46:23","date_gmt":"2024-11-20T13:46:23","guid":{"rendered":"https:\/\/www.silvian.nl\/product\/pidgey-2\/"},"modified":"2024-12-04T21:44:17","modified_gmt":"2024-12-04T21:44:17","slug":"pidgey-2","status":"publish","type":"product","link":"https:\/\/www.silvian.nl\/nl\/product\/pidgey-2\/","title":{"rendered":"Pidgey"},"content":{"rendered":"<p>If your opponent has any Benched Pok\u00e9mon, he or she chooses 1 of them and switches it with the Defending Pok\u00e9mon. (Do the damage before switching the Pok\u00e9mon.)<\/p>\n","protected":false},"excerpt":{"rendered":"<p>A common sight in forests and woods. It flaps its wings at ground level to kick up blinding sand.<\/p>\n","protected":false},"featured_media":5732,"template":"","meta":[],"product_cat":[296,2824],"product_tag":[],"class_list":{"0":"post-5745","1":"product","2":"type-product","3":"status-publish","4":"has-post-thumbnail","6":"product_cat-base","7":"product_cat-base-set-4","9":"first","10":"outofstock","11":"shipping-taxable","12":"product-type-simple"},"_links":{"self":[{"href":"https:\/\/www.silvian.nl\/nl\/wp-json\/wp\/v2\/product\/5745","targetHints":{"allow":["GET"]}}],"collection":[{"href":"https:\/\/www.silvian.nl\/nl\/wp-json\/wp\/v2\/product"}],"about":[{"href":"https:\/\/www.silvian.nl\/nl\/wp-json\/wp\/v2\/types\/product"}],"wp:featuredmedia":[{"embeddable":true,"href":"https:\/\/www.silvian.nl\/nl\/wp-json\/wp\/v2\/media\/5732"}],"wp:attachment":[{"href":"https:\/\/www.silvian.nl\/nl\/wp-json\/wp\/v2\/media?parent=5745"}],"wp:term":[{"taxonomy":"product_cat","embeddable":true,"href":"https:\/\/www.silvian.nl\/nl\/wp-json\/wp\/v2\/product_cat?post=5745"},{"taxonomy":"product_tag","embeddable":true,"href":"https:\/\/www.silvian.nl\/nl\/wp-json\/wp\/v2\/product_tag?post=5745"}],"curies":[{"name":"wp","href":"https:\/\/api.w.org\/{rel}","templated":true}]}}