{"id":40911,"date":"2024-11-25T13:25:46","date_gmt":"2024-11-25T13:25:46","guid":{"rendered":"https:\/\/www.silvian.nl\/product\/grimmsnarl\/"},"modified":"2024-12-04T23:07:53","modified_gmt":"2024-12-04T23:07:53","slug":"grimmsnarl","status":"publish","type":"product","link":"https:\/\/www.silvian.nl\/nl\/product\/grimmsnarl\/","title":{"rendered":"Grimmsnarl"},"content":{"rendered":"<p>Switch out your opponent&#8217;s Active Pok\u00e9mon to the Bench. (Your opponent chooses the new Active Pok\u00e9mon.) If you do, this attack does 160 damage to the new Active Pok\u00e9mon.<\/p>\n","protected":false},"excerpt":{"rendered":"<p>Switch out your opponent&#8217;s Active Pok\u00e9mon to the Bench. (Your opponent chooses the new Active Pok\u00e9mon.) If you do, this attack does 160 damage to the new Active Pok\u00e9mon.<\/p>\n","protected":false},"featured_media":40898,"template":"","meta":[],"product_cat":[999,2915],"product_tag":[],"class_list":{"0":"post-40911","1":"product","2":"type-product","3":"status-publish","4":"has-post-thumbnail","6":"product_cat-scarlet-violet","7":"product_cat-stellar-crown","9":"first","10":"outofstock","11":"shipping-taxable","12":"product-type-simple"},"_links":{"self":[{"href":"https:\/\/www.silvian.nl\/nl\/wp-json\/wp\/v2\/product\/40911","targetHints":{"allow":["GET"]}}],"collection":[{"href":"https:\/\/www.silvian.nl\/nl\/wp-json\/wp\/v2\/product"}],"about":[{"href":"https:\/\/www.silvian.nl\/nl\/wp-json\/wp\/v2\/types\/product"}],"wp:featuredmedia":[{"embeddable":true,"href":"https:\/\/www.silvian.nl\/nl\/wp-json\/wp\/v2\/media\/40898"}],"wp:attachment":[{"href":"https:\/\/www.silvian.nl\/nl\/wp-json\/wp\/v2\/media?parent=40911"}],"wp:term":[{"taxonomy":"product_cat","embeddable":true,"href":"https:\/\/www.silvian.nl\/nl\/wp-json\/wp\/v2\/product_cat?post=40911"},{"taxonomy":"product_tag","embeddable":true,"href":"https:\/\/www.silvian.nl\/nl\/wp-json\/wp\/v2\/product_tag?post=40911"}],"curies":[{"name":"wp","href":"https:\/\/api.w.org\/{rel}","templated":true}]}}