{"id":4080,"date":"2024-11-20T13:22:42","date_gmt":"2024-11-20T13:22:42","guid":{"rendered":"https:\/\/www.silvian.nl\/product\/zapdos-3\/"},"modified":"2024-12-04T21:36:55","modified_gmt":"2024-12-04T21:36:55","slug":"zapdos-3","status":"publish","type":"product","link":"https:\/\/www.silvian.nl\/nl\/product\/zapdos-3\/","title":{"rendered":"Zapdos"},"content":{"rendered":"<p>For each of your opponent&#8217;s Benched Pok\u00e9mon, flip a coin. If heads, this attack does 20 damage to that Pok\u00e9mon. (Don&#8217;t apply Weakness and Resistance for Benched Pok\u00e9mon.) Then, Zapdos does 10 damage times the number of tails to itself.<\/p>\n","protected":false},"excerpt":{"rendered":"<p>A legendary thunderbird Pok\u00e9mon whose anger is said to cause storms. Some say it has lived above the clouds for thousands of years.<\/p>\n","protected":false},"featured_media":4067,"template":"","meta":[],"product_cat":[296,2823],"product_tag":[],"class_list":{"0":"post-4080","1":"product","2":"type-product","3":"status-publish","4":"has-post-thumbnail","6":"product_cat-base","7":"product_cat-base-set-3","9":"first","10":"outofstock","11":"shipping-taxable","12":"product-type-simple"},"_links":{"self":[{"href":"https:\/\/www.silvian.nl\/nl\/wp-json\/wp\/v2\/product\/4080","targetHints":{"allow":["GET"]}}],"collection":[{"href":"https:\/\/www.silvian.nl\/nl\/wp-json\/wp\/v2\/product"}],"about":[{"href":"https:\/\/www.silvian.nl\/nl\/wp-json\/wp\/v2\/types\/product"}],"wp:featuredmedia":[{"embeddable":true,"href":"https:\/\/www.silvian.nl\/nl\/wp-json\/wp\/v2\/media\/4067"}],"wp:attachment":[{"href":"https:\/\/www.silvian.nl\/nl\/wp-json\/wp\/v2\/media?parent=4080"}],"wp:term":[{"taxonomy":"product_cat","embeddable":true,"href":"https:\/\/www.silvian.nl\/nl\/wp-json\/wp\/v2\/product_cat?post=4080"},{"taxonomy":"product_tag","embeddable":true,"href":"https:\/\/www.silvian.nl\/nl\/wp-json\/wp\/v2\/product_tag?post=4080"}],"curies":[{"name":"wp","href":"https:\/\/api.w.org\/{rel}","templated":true}]}}