{"id":31462,"date":"2024-11-24T12:21:52","date_gmt":"2024-11-24T12:21:52","guid":{"rendered":"https:\/\/www.silvian.nl\/product\/shiftry\/"},"modified":"2024-12-04T22:45:54","modified_gmt":"2024-12-04T22:45:54","slug":"shiftry","status":"publish","type":"product","link":"https:\/\/www.silvian.nl\/nl\/product\/shiftry\/","title":{"rendered":"Shiftry"},"content":{"rendered":"<p>Choose 3 of your opponent&#8217;s Benched Pok\u00e9mon. If you do, shuffle all of your opponent&#8217;s Benched Pok\u00e9mon that you didn&#8217;t choose, and all cards attached to those Pok\u00e9mon, into their deck.<\/p>\n","protected":false},"excerpt":{"rendered":"<p>A Pok\u00e9mon that was feared as a forest guardian. It can read the foe&#8217;s mind and take preemptive action.<\/p>\n","protected":false},"featured_media":31449,"template":"","meta":[],"product_cat":[999,2372],"product_tag":[],"class_list":{"0":"post-31462","1":"product","2":"type-product","3":"status-publish","4":"has-post-thumbnail","6":"product_cat-scarlet-violet","7":"product_cat-temporal-forces","9":"first","10":"outofstock","11":"shipping-taxable","12":"product-type-simple"},"_links":{"self":[{"href":"https:\/\/www.silvian.nl\/nl\/wp-json\/wp\/v2\/product\/31462","targetHints":{"allow":["GET"]}}],"collection":[{"href":"https:\/\/www.silvian.nl\/nl\/wp-json\/wp\/v2\/product"}],"about":[{"href":"https:\/\/www.silvian.nl\/nl\/wp-json\/wp\/v2\/types\/product"}],"wp:featuredmedia":[{"embeddable":true,"href":"https:\/\/www.silvian.nl\/nl\/wp-json\/wp\/v2\/media\/31449"}],"wp:attachment":[{"href":"https:\/\/www.silvian.nl\/nl\/wp-json\/wp\/v2\/media?parent=31462"}],"wp:term":[{"taxonomy":"product_cat","embeddable":true,"href":"https:\/\/www.silvian.nl\/nl\/wp-json\/wp\/v2\/product_cat?post=31462"},{"taxonomy":"product_tag","embeddable":true,"href":"https:\/\/www.silvian.nl\/nl\/wp-json\/wp\/v2\/product_tag?post=31462"}],"curies":[{"name":"wp","href":"https:\/\/api.w.org\/{rel}","templated":true}]}}