{"id":136053,"date":"2024-12-19T11:28:05","date_gmt":"2024-12-19T11:28:05","guid":{"rendered":"https:\/\/www.silvian.nl\/product\/raticate-6\/"},"modified":"2024-12-19T11:28:06","modified_gmt":"2024-12-19T11:28:06","slug":"raticate-6","status":"publish","type":"product","link":"https:\/\/www.silvian.nl\/nl\/product\/raticate-6\/","title":{"rendered":"Raticate"},"content":{"rendered":"<p>Your opponent&#8217;s Active Pok\u00e9mon is now Poisoned. Discard all Pok\u00e9mon Tool cards attached to that Pok\u00e9mon.<\/p>\n","protected":false},"excerpt":{"rendered":"<p>The webs on its hind legs enable it to cross rivers. It searches wide areas for food.<\/p>\n","protected":false},"featured_media":136040,"template":"","meta":[],"product_cat":[5692,5314],"product_tag":[],"class_list":{"0":"post-136053","1":"product","2":"type-product","3":"status-publish","4":"has-post-thumbnail","6":"product_cat-breakpoint","7":"product_cat-xy","9":"first","10":"outofstock","11":"shipping-taxable","12":"product-type-simple"},"_links":{"self":[{"href":"https:\/\/www.silvian.nl\/nl\/wp-json\/wp\/v2\/product\/136053","targetHints":{"allow":["GET"]}}],"collection":[{"href":"https:\/\/www.silvian.nl\/nl\/wp-json\/wp\/v2\/product"}],"about":[{"href":"https:\/\/www.silvian.nl\/nl\/wp-json\/wp\/v2\/types\/product"}],"wp:featuredmedia":[{"embeddable":true,"href":"https:\/\/www.silvian.nl\/nl\/wp-json\/wp\/v2\/media\/136040"}],"wp:attachment":[{"href":"https:\/\/www.silvian.nl\/nl\/wp-json\/wp\/v2\/media?parent=136053"}],"wp:term":[{"taxonomy":"product_cat","embeddable":true,"href":"https:\/\/www.silvian.nl\/nl\/wp-json\/wp\/v2\/product_cat?post=136053"},{"taxonomy":"product_tag","embeddable":true,"href":"https:\/\/www.silvian.nl\/nl\/wp-json\/wp\/v2\/product_tag?post=136053"}],"curies":[{"name":"wp","href":"https:\/\/api.w.org\/{rel}","templated":true}]}}