{"id":135717,"date":"2024-12-19T11:26:27","date_gmt":"2024-12-19T11:26:27","guid":{"rendered":"https:\/\/www.silvian.nl\/product\/phantump-9\/"},"modified":"2024-12-19T11:26:28","modified_gmt":"2024-12-19T11:26:28","slug":"phantump-9","status":"publish","type":"product","link":"https:\/\/www.silvian.nl\/nl\/product\/phantump-9\/","title":{"rendered":"Phantump"},"content":{"rendered":"<p>Search your deck for a card that evolves from this Pok\u00e9mon and put it onto this Pok\u00e9mon. (This counts as evolving this Pok\u00e9mon.) Shuffle your deck afterward.<\/p>\n","protected":false},"excerpt":{"rendered":"<p>According to old tales, these Pok\u00e9mon are stumps possessed by the spirits of children who died while lost in the forest.<\/p>\n","protected":false},"featured_media":135704,"template":"","meta":[],"product_cat":[5692,5314],"product_tag":[],"class_list":{"0":"post-135717","1":"product","2":"type-product","3":"status-publish","4":"has-post-thumbnail","6":"product_cat-breakpoint","7":"product_cat-xy","9":"first","10":"outofstock","11":"shipping-taxable","12":"product-type-simple"},"_links":{"self":[{"href":"https:\/\/www.silvian.nl\/nl\/wp-json\/wp\/v2\/product\/135717","targetHints":{"allow":["GET"]}}],"collection":[{"href":"https:\/\/www.silvian.nl\/nl\/wp-json\/wp\/v2\/product"}],"about":[{"href":"https:\/\/www.silvian.nl\/nl\/wp-json\/wp\/v2\/types\/product"}],"wp:featuredmedia":[{"embeddable":true,"href":"https:\/\/www.silvian.nl\/nl\/wp-json\/wp\/v2\/media\/135704"}],"wp:attachment":[{"href":"https:\/\/www.silvian.nl\/nl\/wp-json\/wp\/v2\/media?parent=135717"}],"wp:term":[{"taxonomy":"product_cat","embeddable":true,"href":"https:\/\/www.silvian.nl\/nl\/wp-json\/wp\/v2\/product_cat?post=135717"},{"taxonomy":"product_tag","embeddable":true,"href":"https:\/\/www.silvian.nl\/nl\/wp-json\/wp\/v2\/product_tag?post=135717"}],"curies":[{"name":"wp","href":"https:\/\/api.w.org\/{rel}","templated":true}]}}