{"id":117815,"date":"2024-12-16T09:38:30","date_gmt":"2024-12-16T09:38:30","guid":{"rendered":"https:\/\/www.silvian.nl\/product\/corsola-2\/"},"modified":"2024-12-16T09:38:30","modified_gmt":"2024-12-16T09:38:30","slug":"corsola-2","status":"publish","type":"product","link":"https:\/\/www.silvian.nl\/nl\/product\/corsola-2\/","title":{"rendered":"Corsola"},"content":{"rendered":"<p>This attack does 20 damage times the amount of Water Energy attached to this Pok\u00e9mon to 1 of your opponent&#8217;s Pok\u00e9mon. (Don&#8217;t apply Weakness and Resistance for Benched Pok\u00e9mon.)<\/p>\n","protected":false},"excerpt":{"rendered":"<p>Pursued by Mareanie for the branches on its head, this Pok\u00e9mon will sometimes snap its own branches off as a diversion while it escapes.<\/p>\n","protected":false},"featured_media":117802,"template":"","meta":[],"product_cat":[5288,4493],"product_tag":[],"class_list":{"0":"post-117815","1":"product","2":"type-product","3":"status-publish","4":"has-post-thumbnail","6":"product_cat-dragon-majesty","7":"product_cat-sun-moon","9":"first","10":"outofstock","11":"shipping-taxable","12":"product-type-simple"},"_links":{"self":[{"href":"https:\/\/www.silvian.nl\/nl\/wp-json\/wp\/v2\/product\/117815","targetHints":{"allow":["GET"]}}],"collection":[{"href":"https:\/\/www.silvian.nl\/nl\/wp-json\/wp\/v2\/product"}],"about":[{"href":"https:\/\/www.silvian.nl\/nl\/wp-json\/wp\/v2\/types\/product"}],"wp:featuredmedia":[{"embeddable":true,"href":"https:\/\/www.silvian.nl\/nl\/wp-json\/wp\/v2\/media\/117802"}],"wp:attachment":[{"href":"https:\/\/www.silvian.nl\/nl\/wp-json\/wp\/v2\/media?parent=117815"}],"wp:term":[{"taxonomy":"product_cat","embeddable":true,"href":"https:\/\/www.silvian.nl\/nl\/wp-json\/wp\/v2\/product_cat?post=117815"},{"taxonomy":"product_tag","embeddable":true,"href":"https:\/\/www.silvian.nl\/nl\/wp-json\/wp\/v2\/product_tag?post=117815"}],"curies":[{"name":"wp","href":"https:\/\/api.w.org\/{rel}","templated":true}]}}