{"id":11442,"date":"2024-11-22T09:51:59","date_gmt":"2024-11-22T09:51:59","guid":{"rendered":"https:\/\/www.silvian.nl\/product\/flabebe\/"},"modified":"2024-12-04T22:03:02","modified_gmt":"2024-12-04T22:03:02","slug":"flabebe","status":"publish","type":"product","link":"https:\/\/www.silvian.nl\/nl\/product\/flabebe\/","title":{"rendered":"Flab\u00e9b\u00e9"},"content":{"rendered":"","protected":false},"excerpt":{"rendered":"<p>This Flab\u00e9b\u00e9 rides a red flower. Immediately after birth, this Pok\u00e9mon begins flying around in search of a flower it likes.<\/p>\n","protected":false},"featured_media":11429,"template":"","meta":[],"product_cat":[2283,999],"product_tag":[],"class_list":{"0":"post-11442","1":"product","2":"type-product","3":"status-publish","4":"has-post-thumbnail","6":"product_cat-scarlet-violet-scarlet-violet","7":"product_cat-scarlet-violet","9":"first","10":"outofstock","11":"shipping-taxable","12":"product-type-simple"},"_links":{"self":[{"href":"https:\/\/www.silvian.nl\/nl\/wp-json\/wp\/v2\/product\/11442","targetHints":{"allow":["GET"]}}],"collection":[{"href":"https:\/\/www.silvian.nl\/nl\/wp-json\/wp\/v2\/product"}],"about":[{"href":"https:\/\/www.silvian.nl\/nl\/wp-json\/wp\/v2\/types\/product"}],"wp:featuredmedia":[{"embeddable":true,"href":"https:\/\/www.silvian.nl\/nl\/wp-json\/wp\/v2\/media\/11429"}],"wp:attachment":[{"href":"https:\/\/www.silvian.nl\/nl\/wp-json\/wp\/v2\/media?parent=11442"}],"wp:term":[{"taxonomy":"product_cat","embeddable":true,"href":"https:\/\/www.silvian.nl\/nl\/wp-json\/wp\/v2\/product_cat?post=11442"},{"taxonomy":"product_tag","embeddable":true,"href":"https:\/\/www.silvian.nl\/nl\/wp-json\/wp\/v2\/product_tag?post=11442"}],"curies":[{"name":"wp","href":"https:\/\/api.w.org\/{rel}","templated":true}]}}