{"id":114316,"date":"2024-12-10T11:53:20","date_gmt":"2024-12-10T11:53:20","guid":{"rendered":"https:\/\/www.silvian.nl\/product\/flabebe-6\/"},"modified":"2024-12-10T11:53:21","modified_gmt":"2024-12-10T11:53:21","slug":"flabebe-6","status":"publish","type":"product","link":"https:\/\/www.silvian.nl\/nl\/product\/flabebe-6\/","title":{"rendered":"Flab\u00e9b\u00e9"},"content":{"rendered":"<p>Search your deck for up to 2 Fairy Pok\u00e9mon, reveal them, and put them into your hand. Then, shuffle your deck.<\/p>\n","protected":false},"excerpt":{"rendered":"<p>It&#8217;s not safe without the power of a flower, but it will keep traveling around until it finds one with the color and shape it wants.<\/p>\n","protected":false},"featured_media":114303,"template":"","meta":[],"product_cat":[5187,4493],"product_tag":[],"class_list":{"0":"post-114316","1":"product","2":"type-product","3":"status-publish","4":"has-post-thumbnail","6":"product_cat-cosmic-eclipse","7":"product_cat-sun-moon","9":"first","10":"outofstock","11":"shipping-taxable","12":"product-type-simple"},"_links":{"self":[{"href":"https:\/\/www.silvian.nl\/nl\/wp-json\/wp\/v2\/product\/114316","targetHints":{"allow":["GET"]}}],"collection":[{"href":"https:\/\/www.silvian.nl\/nl\/wp-json\/wp\/v2\/product"}],"about":[{"href":"https:\/\/www.silvian.nl\/nl\/wp-json\/wp\/v2\/types\/product"}],"wp:featuredmedia":[{"embeddable":true,"href":"https:\/\/www.silvian.nl\/nl\/wp-json\/wp\/v2\/media\/114303"}],"wp:attachment":[{"href":"https:\/\/www.silvian.nl\/nl\/wp-json\/wp\/v2\/media?parent=114316"}],"wp:term":[{"taxonomy":"product_cat","embeddable":true,"href":"https:\/\/www.silvian.nl\/nl\/wp-json\/wp\/v2\/product_cat?post=114316"},{"taxonomy":"product_tag","embeddable":true,"href":"https:\/\/www.silvian.nl\/nl\/wp-json\/wp\/v2\/product_tag?post=114316"}],"curies":[{"name":"wp","href":"https:\/\/api.w.org\/{rel}","templated":true}]}}