{"id":97928,"date":"2024-12-03T10:58:11","date_gmt":"2024-12-03T10:58:11","guid":{"rendered":"https:\/\/www.silvian.nl\/product\/dunsparce-5\/"},"modified":"2024-12-05T00:57:49","modified_gmt":"2024-12-05T00:57:49","slug":"dunsparce-5","status":"publish","type":"product","link":"https:\/\/www.silvian.nl\/it\/prodotto\/dunsparce-5\/","title":{"rendered":"Dunsparce"},"content":{"rendered":"<p>Search your deck for up to 3 Basic Pok\u00e9mon and put them onto your Bench. Then, shuffle your deck. If you put any Pok\u00e9mon onto your Bench in this way, you may switch this Pok\u00e9mon with 1 of your Benched Pok\u00e9mon.<\/p>\n","protected":false},"excerpt":{"rendered":"<p>It digs into the ground with its tail and makes a mazelike nest. It can fly just a little.<\/p>\n","protected":false},"featured_media":97915,"template":"","meta":[],"product_cat":[4838,4493],"product_tag":[],"class_list":{"0":"post-97928","1":"product","2":"type-product","3":"status-publish","4":"has-post-thumbnail","6":"product_cat-celestial-storm","7":"product_cat-sun-moon","9":"first","10":"outofstock","11":"shipping-taxable","12":"product-type-simple"},"_links":{"self":[{"href":"https:\/\/www.silvian.nl\/it\/wp-json\/wp\/v2\/product\/97928","targetHints":{"allow":["GET"]}}],"collection":[{"href":"https:\/\/www.silvian.nl\/it\/wp-json\/wp\/v2\/product"}],"about":[{"href":"https:\/\/www.silvian.nl\/it\/wp-json\/wp\/v2\/types\/product"}],"wp:featuredmedia":[{"embeddable":true,"href":"https:\/\/www.silvian.nl\/it\/wp-json\/wp\/v2\/media\/97915"}],"wp:attachment":[{"href":"https:\/\/www.silvian.nl\/it\/wp-json\/wp\/v2\/media?parent=97928"}],"wp:term":[{"taxonomy":"product_cat","embeddable":true,"href":"https:\/\/www.silvian.nl\/it\/wp-json\/wp\/v2\/product_cat?post=97928"},{"taxonomy":"product_tag","embeddable":true,"href":"https:\/\/www.silvian.nl\/it\/wp-json\/wp\/v2\/product_tag?post=97928"}],"curies":[{"name":"wp","href":"https:\/\/api.w.org\/{rel}","templated":true}]}}