{"id":96808,"date":"2024-12-03T10:38:52","date_gmt":"2024-12-03T10:38:52","guid":{"rendered":"https:\/\/www.silvian.nl\/product\/oricorio-11\/"},"modified":"2024-12-05T00:56:39","modified_gmt":"2024-12-05T00:56:39","slug":"oricorio-11","status":"publish","type":"product","link":"https:\/\/www.silvian.nl\/it\/prodotto\/oricorio-11\/","title":{"rendered":"Oricorio"},"content":{"rendered":"<p>Switch 1 of your opponent&#8217;s Benched Pok\u00e9mon with their Active Pok\u00e9mon. The new Active Pok\u00e9mon is now Burned and Confused.<\/p>\n","protected":false},"excerpt":{"rendered":"<p>This Oricorio has sipped red nectar. Its passionate dance moves cause its enemies to combust in both body and mind.<\/p>\n","protected":false},"featured_media":96795,"template":"","meta":[],"product_cat":[4838,4493],"product_tag":[],"class_list":{"0":"post-96808","1":"product","2":"type-product","3":"status-publish","4":"has-post-thumbnail","6":"product_cat-celestial-storm","7":"product_cat-sun-moon","9":"first","10":"outofstock","11":"shipping-taxable","12":"product-type-simple"},"_links":{"self":[{"href":"https:\/\/www.silvian.nl\/it\/wp-json\/wp\/v2\/product\/96808","targetHints":{"allow":["GET"]}}],"collection":[{"href":"https:\/\/www.silvian.nl\/it\/wp-json\/wp\/v2\/product"}],"about":[{"href":"https:\/\/www.silvian.nl\/it\/wp-json\/wp\/v2\/types\/product"}],"wp:featuredmedia":[{"embeddable":true,"href":"https:\/\/www.silvian.nl\/it\/wp-json\/wp\/v2\/media\/96795"}],"wp:attachment":[{"href":"https:\/\/www.silvian.nl\/it\/wp-json\/wp\/v2\/media?parent=96808"}],"wp:term":[{"taxonomy":"product_cat","embeddable":true,"href":"https:\/\/www.silvian.nl\/it\/wp-json\/wp\/v2\/product_cat?post=96808"},{"taxonomy":"product_tag","embeddable":true,"href":"https:\/\/www.silvian.nl\/it\/wp-json\/wp\/v2\/product_tag?post=96808"}],"curies":[{"name":"wp","href":"https:\/\/api.w.org\/{rel}","templated":true}]}}