{"id":9462,"date":"2024-11-21T13:42:30","date_gmt":"2024-11-21T13:42:30","guid":{"rendered":"https:\/\/www.silvian.nl\/product\/cool-porygon\/"},"modified":"2024-12-04T21:56:00","modified_gmt":"2024-12-04T21:56:00","slug":"cool-porygon","status":"publish","type":"product","link":"https:\/\/www.silvian.nl\/it\/prodotto\/cool-porygon\/","title":{"rendered":"Cool Porygon"},"content":{"rendered":"<p>You may change Cool Porygon&#8217;s Resistance to a type of your choice other than Colorless. If the Defending Pok\u00e9mon has a Weakness, you may change it to a type of your choice other than Colorless. (Benching either Pok\u00e9mon ends the effect on that Pok\u00e9mon.)<\/p>\n","protected":false},"excerpt":{"rendered":"<p>A Pok\u00e9mon that consists entirely of programming code. Capable of moving freely in cyberspace.<\/p>\n","protected":false},"featured_media":9449,"template":"","meta":[],"product_cat":[296,2827],"product_tag":[],"class_list":{"0":"post-9462","1":"product","2":"type-product","3":"status-publish","4":"has-post-thumbnail","6":"product_cat-base","7":"product_cat-wizards-black-star-promos","9":"first","10":"outofstock","11":"shipping-taxable","12":"product-type-simple"},"_links":{"self":[{"href":"https:\/\/www.silvian.nl\/it\/wp-json\/wp\/v2\/product\/9462","targetHints":{"allow":["GET"]}}],"collection":[{"href":"https:\/\/www.silvian.nl\/it\/wp-json\/wp\/v2\/product"}],"about":[{"href":"https:\/\/www.silvian.nl\/it\/wp-json\/wp\/v2\/types\/product"}],"wp:featuredmedia":[{"embeddable":true,"href":"https:\/\/www.silvian.nl\/it\/wp-json\/wp\/v2\/media\/9449"}],"wp:attachment":[{"href":"https:\/\/www.silvian.nl\/it\/wp-json\/wp\/v2\/media?parent=9462"}],"wp:term":[{"taxonomy":"product_cat","embeddable":true,"href":"https:\/\/www.silvian.nl\/it\/wp-json\/wp\/v2\/product_cat?post=9462"},{"taxonomy":"product_tag","embeddable":true,"href":"https:\/\/www.silvian.nl\/it\/wp-json\/wp\/v2\/product_tag?post=9462"}],"curies":[{"name":"wp","href":"https:\/\/api.w.org\/{rel}","templated":true}]}}