{"id":86316,"date":"2024-12-01T15:16:26","date_gmt":"2024-12-01T15:16:26","guid":{"rendered":"https:\/\/www.silvian.nl\/product\/goodra-2\/"},"modified":"2024-12-05T00:38:58","modified_gmt":"2024-12-05T00:38:58","slug":"goodra-2","status":"publish","type":"product","link":"https:\/\/www.silvian.nl\/it\/prodotto\/goodra-2\/","title":{"rendered":"Goodra"},"content":{"rendered":"<p>This attack does 20 damage times the amount of Energy attached to this Pok\u00e9mon to 1 of your opponent&#8217;s Pok\u00e9mon. (Don&#8217;t apply Weakness and Resistance for Benched Pok\u00e9mon.)<\/p>\n","protected":false},"excerpt":{"rendered":"<p>An amazingly friendly Pok\u00e9mon, but if left to itself, loneliness overcomes it, and it oozes gooey tears.<\/p>\n","protected":false},"featured_media":86303,"template":"","meta":[],"product_cat":[4563,4493],"product_tag":[],"class_list":{"0":"post-86316","1":"product","2":"type-product","3":"status-publish","4":"has-post-thumbnail","6":"product_cat-guardians-rising","7":"product_cat-sun-moon","9":"first","10":"outofstock","11":"shipping-taxable","12":"product-type-simple"},"_links":{"self":[{"href":"https:\/\/www.silvian.nl\/it\/wp-json\/wp\/v2\/product\/86316","targetHints":{"allow":["GET"]}}],"collection":[{"href":"https:\/\/www.silvian.nl\/it\/wp-json\/wp\/v2\/product"}],"about":[{"href":"https:\/\/www.silvian.nl\/it\/wp-json\/wp\/v2\/types\/product"}],"wp:featuredmedia":[{"embeddable":true,"href":"https:\/\/www.silvian.nl\/it\/wp-json\/wp\/v2\/media\/86303"}],"wp:attachment":[{"href":"https:\/\/www.silvian.nl\/it\/wp-json\/wp\/v2\/media?parent=86316"}],"wp:term":[{"taxonomy":"product_cat","embeddable":true,"href":"https:\/\/www.silvian.nl\/it\/wp-json\/wp\/v2\/product_cat?post=86316"},{"taxonomy":"product_tag","embeddable":true,"href":"https:\/\/www.silvian.nl\/it\/wp-json\/wp\/v2\/product_tag?post=86316"}],"curies":[{"name":"wp","href":"https:\/\/api.w.org\/{rel}","templated":true}]}}