{"id":72098,"date":"2024-11-27T19:04:28","date_gmt":"2024-11-27T19:04:28","guid":{"rendered":"https:\/\/www.silvian.nl\/product\/probopass-5\/"},"modified":"2024-12-05T00:15:48","modified_gmt":"2024-12-05T00:15:48","slug":"probopass-5","status":"publish","type":"product","link":"https:\/\/www.silvian.nl\/it\/prodotto\/probopass-5\/","title":{"rendered":"Probopass"},"content":{"rendered":"<p>Switch 1 of your opponent&#8217;s Benched Pok\u00e9mon with their Active Pok\u00e9mon. This attack does 40 damage to the new Active Pok\u00e9mon.<\/p>\n","protected":false},"excerpt":{"rendered":"<p>It uses three small units to catch prey and battle enemies. The main body mostly just gives orders.<\/p>\n","protected":false},"featured_media":72085,"template":"","meta":[],"product_cat":[4106,2971],"product_tag":[],"class_list":{"0":"post-72098","1":"product","2":"type-product","3":"status-publish","4":"has-post-thumbnail","6":"product_cat-brilliant-stars","7":"product_cat-sword-shield","9":"first","10":"outofstock","11":"shipping-taxable","12":"product-type-simple"},"_links":{"self":[{"href":"https:\/\/www.silvian.nl\/it\/wp-json\/wp\/v2\/product\/72098","targetHints":{"allow":["GET"]}}],"collection":[{"href":"https:\/\/www.silvian.nl\/it\/wp-json\/wp\/v2\/product"}],"about":[{"href":"https:\/\/www.silvian.nl\/it\/wp-json\/wp\/v2\/types\/product"}],"wp:featuredmedia":[{"embeddable":true,"href":"https:\/\/www.silvian.nl\/it\/wp-json\/wp\/v2\/media\/72085"}],"wp:attachment":[{"href":"https:\/\/www.silvian.nl\/it\/wp-json\/wp\/v2\/media?parent=72098"}],"wp:term":[{"taxonomy":"product_cat","embeddable":true,"href":"https:\/\/www.silvian.nl\/it\/wp-json\/wp\/v2\/product_cat?post=72098"},{"taxonomy":"product_tag","embeddable":true,"href":"https:\/\/www.silvian.nl\/it\/wp-json\/wp\/v2\/product_tag?post=72098"}],"curies":[{"name":"wp","href":"https:\/\/api.w.org\/{rel}","templated":true}]}}