{"id":68713,"date":"2024-11-27T12:55:13","date_gmt":"2024-11-27T12:55:13","guid":{"rendered":"https:\/\/www.silvian.nl\/product\/claydol-4\/"},"modified":"2024-12-05T00:11:18","modified_gmt":"2024-12-05T00:11:18","slug":"claydol-4","status":"publish","type":"product","link":"https:\/\/www.silvian.nl\/it\/prodotto\/claydol-4\/","title":{"rendered":"Claydol"},"content":{"rendered":"<p>Switch this Pok\u00e9mon with 1 of your Benched Pok\u00e9mon. If you do, your opponent switches their Active Pok\u00e9mon with 1 of their Benched Pok\u00e9mon.<\/p>\n","protected":false},"excerpt":{"rendered":"<p>It appears to have been born from clay dolls made by ancient people. It uses telekinesis to float and move.<\/p>\n","protected":false},"featured_media":68700,"template":"","meta":[],"product_cat":[3975,2971],"product_tag":[],"class_list":{"0":"post-68713","1":"product","2":"type-product","3":"status-publish","4":"has-post-thumbnail","6":"product_cat-fusion-strike","7":"product_cat-sword-shield","9":"first","10":"outofstock","11":"shipping-taxable","12":"product-type-simple"},"_links":{"self":[{"href":"https:\/\/www.silvian.nl\/it\/wp-json\/wp\/v2\/product\/68713","targetHints":{"allow":["GET"]}}],"collection":[{"href":"https:\/\/www.silvian.nl\/it\/wp-json\/wp\/v2\/product"}],"about":[{"href":"https:\/\/www.silvian.nl\/it\/wp-json\/wp\/v2\/types\/product"}],"wp:featuredmedia":[{"embeddable":true,"href":"https:\/\/www.silvian.nl\/it\/wp-json\/wp\/v2\/media\/68700"}],"wp:attachment":[{"href":"https:\/\/www.silvian.nl\/it\/wp-json\/wp\/v2\/media?parent=68713"}],"wp:term":[{"taxonomy":"product_cat","embeddable":true,"href":"https:\/\/www.silvian.nl\/it\/wp-json\/wp\/v2\/product_cat?post=68713"},{"taxonomy":"product_tag","embeddable":true,"href":"https:\/\/www.silvian.nl\/it\/wp-json\/wp\/v2\/product_tag?post=68713"}],"curies":[{"name":"wp","href":"https:\/\/api.w.org\/{rel}","templated":true}]}}