{"id":65803,"date":"2024-11-27T08:52:30","date_gmt":"2024-11-27T08:52:30","guid":{"rendered":"https:\/\/www.silvian.nl\/product\/arctovish-v-2\/"},"modified":"2024-12-05T00:04:04","modified_gmt":"2024-12-05T00:04:04","slug":"arctovish-v-2","status":"publish","type":"product","link":"https:\/\/www.silvian.nl\/it\/prodotto\/arctovish-v-2\/","title":{"rendered":"Arctovish V"},"content":{"rendered":"<p>If the Defending Pok\u00e9mon is a Pok\u00e9mon V or a Pok\u00e9mon-GX, it can&#8217;t attack during your opponent&#8217;s next turn.<\/p>\n","protected":false},"excerpt":{"rendered":"<p>If the Defending Pok\u00e9mon is a Pok\u00e9mon V or a Pok\u00e9mon-GX, it can&#8217;t attack during your opponent&#8217;s next turn.<\/p>\n","protected":false},"featured_media":65790,"template":"","meta":[],"product_cat":[3866,2971],"product_tag":[],"class_list":{"0":"post-65803","1":"product","2":"type-product","3":"status-publish","4":"has-post-thumbnail","6":"product_cat-evolving-skies","7":"product_cat-sword-shield","9":"first","10":"outofstock","11":"shipping-taxable","12":"product-type-simple"},"_links":{"self":[{"href":"https:\/\/www.silvian.nl\/it\/wp-json\/wp\/v2\/product\/65803","targetHints":{"allow":["GET"]}}],"collection":[{"href":"https:\/\/www.silvian.nl\/it\/wp-json\/wp\/v2\/product"}],"about":[{"href":"https:\/\/www.silvian.nl\/it\/wp-json\/wp\/v2\/types\/product"}],"wp:featuredmedia":[{"embeddable":true,"href":"https:\/\/www.silvian.nl\/it\/wp-json\/wp\/v2\/media\/65790"}],"wp:attachment":[{"href":"https:\/\/www.silvian.nl\/it\/wp-json\/wp\/v2\/media?parent=65803"}],"wp:term":[{"taxonomy":"product_cat","embeddable":true,"href":"https:\/\/www.silvian.nl\/it\/wp-json\/wp\/v2\/product_cat?post=65803"},{"taxonomy":"product_tag","embeddable":true,"href":"https:\/\/www.silvian.nl\/it\/wp-json\/wp\/v2\/product_tag?post=65803"}],"curies":[{"name":"wp","href":"https:\/\/api.w.org\/{rel}","templated":true}]}}