{"id":64221,"date":"2024-11-27T08:31:46","date_gmt":"2024-11-27T08:31:46","guid":{"rendered":"https:\/\/www.silvian.nl\/product\/galarian-articuno\/"},"modified":"2024-12-05T00:02:12","modified_gmt":"2024-12-05T00:02:12","slug":"galarian-articuno","status":"publish","type":"product","link":"https:\/\/www.silvian.nl\/it\/prodotto\/galarian-articuno\/","title":{"rendered":"Galarian Articuno"},"content":{"rendered":"<p>Discard all Psychic Energy from this Pok\u00e9mon. This attack does 120 damage to 1 of your opponent&#8217;s Pok\u00e9mon. (Don&#8217;t apply Weakness and Resistance for Benched Pok\u00e9mon.)<\/p>\n","protected":false},"excerpt":{"rendered":"<p>Known as Articuno, this Pok\u00e9mon fires beams that can immobilize opponents as if they had been frozen solid.<\/p>\n","protected":false},"featured_media":64208,"template":"","meta":[],"product_cat":[3866,2971],"product_tag":[],"class_list":{"0":"post-64221","1":"product","2":"type-product","3":"status-publish","4":"has-post-thumbnail","6":"product_cat-evolving-skies","7":"product_cat-sword-shield","9":"first","10":"outofstock","11":"shipping-taxable","12":"product-type-simple"},"_links":{"self":[{"href":"https:\/\/www.silvian.nl\/it\/wp-json\/wp\/v2\/product\/64221","targetHints":{"allow":["GET"]}}],"collection":[{"href":"https:\/\/www.silvian.nl\/it\/wp-json\/wp\/v2\/product"}],"about":[{"href":"https:\/\/www.silvian.nl\/it\/wp-json\/wp\/v2\/types\/product"}],"wp:featuredmedia":[{"embeddable":true,"href":"https:\/\/www.silvian.nl\/it\/wp-json\/wp\/v2\/media\/64208"}],"wp:attachment":[{"href":"https:\/\/www.silvian.nl\/it\/wp-json\/wp\/v2\/media?parent=64221"}],"wp:term":[{"taxonomy":"product_cat","embeddable":true,"href":"https:\/\/www.silvian.nl\/it\/wp-json\/wp\/v2\/product_cat?post=64221"},{"taxonomy":"product_tag","embeddable":true,"href":"https:\/\/www.silvian.nl\/it\/wp-json\/wp\/v2\/product_tag?post=64221"}],"curies":[{"name":"wp","href":"https:\/\/api.w.org\/{rel}","templated":true}]}}