{"id":50239,"date":"2024-11-25T22:21:51","date_gmt":"2024-11-25T22:21:51","guid":{"rendered":"https:\/\/www.silvian.nl\/product\/galarian-weezing\/"},"modified":"2024-12-04T23:41:33","modified_gmt":"2024-12-04T23:41:33","slug":"galarian-weezing","status":"publish","type":"product","link":"https:\/\/www.silvian.nl\/it\/prodotto\/galarian-weezing\/","title":{"rendered":"Galarian Weezing"},"content":{"rendered":"<p>Your opponent&#8217;s Active Pok\u00e9mon is now Poisoned. Put 4 damage counters instead of 1 on that Pok\u00e9mon during Pok\u00e9mon Checkup.<\/p>\n","protected":false},"excerpt":{"rendered":"<p>This Pok\u00e9mon consumes particles that contaminate the air. Instead of leaving droppings, it expels clean air.<\/p>\n","protected":false},"featured_media":50226,"template":"","meta":[],"product_cat":[3338,2971],"product_tag":[],"class_list":{"0":"post-50239","1":"product","2":"type-product","3":"status-publish","4":"has-post-thumbnail","6":"product_cat-rebel-clash","7":"product_cat-sword-shield","9":"first","10":"outofstock","11":"shipping-taxable","12":"product-type-simple"},"_links":{"self":[{"href":"https:\/\/www.silvian.nl\/it\/wp-json\/wp\/v2\/product\/50239","targetHints":{"allow":["GET"]}}],"collection":[{"href":"https:\/\/www.silvian.nl\/it\/wp-json\/wp\/v2\/product"}],"about":[{"href":"https:\/\/www.silvian.nl\/it\/wp-json\/wp\/v2\/types\/product"}],"wp:featuredmedia":[{"embeddable":true,"href":"https:\/\/www.silvian.nl\/it\/wp-json\/wp\/v2\/media\/50226"}],"wp:attachment":[{"href":"https:\/\/www.silvian.nl\/it\/wp-json\/wp\/v2\/media?parent=50239"}],"wp:term":[{"taxonomy":"product_cat","embeddable":true,"href":"https:\/\/www.silvian.nl\/it\/wp-json\/wp\/v2\/product_cat?post=50239"},{"taxonomy":"product_tag","embeddable":true,"href":"https:\/\/www.silvian.nl\/it\/wp-json\/wp\/v2\/product_tag?post=50239"}],"curies":[{"name":"wp","href":"https:\/\/api.w.org\/{rel}","templated":true}]}}