{"id":49623,"date":"2024-11-25T22:11:48","date_gmt":"2024-11-25T22:11:48","guid":{"rendered":"https:\/\/www.silvian.nl\/product\/toxtricity-4\/"},"modified":"2024-12-04T23:39:52","modified_gmt":"2024-12-04T23:39:52","slug":"toxtricity-4","status":"publish","type":"product","link":"https:\/\/www.silvian.nl\/it\/prodotto\/toxtricity-4\/","title":{"rendered":"Toxtricity"},"content":{"rendered":"<p>This attack does 20 damage to each of your opponent&#8217;s Pok\u00e9mon. (Don&#8217;t apply Weakness and Resistance for Benched Pok\u00e9mon.) Your opponent&#8217;s Active Pok\u00e9mon is now Poisoned.<\/p>\n","protected":false},"excerpt":{"rendered":"<p>When this Pok\u00e9mon sounds as if it&#8217;s strumming a guitar, it&#8217;s actually clawing at the protrusions on its chest to generate electricity.<\/p>\n","protected":false},"featured_media":49610,"template":"","meta":[],"product_cat":[3338,2971],"product_tag":[],"class_list":{"0":"post-49623","1":"product","2":"type-product","3":"status-publish","4":"has-post-thumbnail","6":"product_cat-rebel-clash","7":"product_cat-sword-shield","9":"first","10":"outofstock","11":"shipping-taxable","12":"product-type-simple"},"_links":{"self":[{"href":"https:\/\/www.silvian.nl\/it\/wp-json\/wp\/v2\/product\/49623","targetHints":{"allow":["GET"]}}],"collection":[{"href":"https:\/\/www.silvian.nl\/it\/wp-json\/wp\/v2\/product"}],"about":[{"href":"https:\/\/www.silvian.nl\/it\/wp-json\/wp\/v2\/types\/product"}],"wp:featuredmedia":[{"embeddable":true,"href":"https:\/\/www.silvian.nl\/it\/wp-json\/wp\/v2\/media\/49610"}],"wp:attachment":[{"href":"https:\/\/www.silvian.nl\/it\/wp-json\/wp\/v2\/media?parent=49623"}],"wp:term":[{"taxonomy":"product_cat","embeddable":true,"href":"https:\/\/www.silvian.nl\/it\/wp-json\/wp\/v2\/product_cat?post=49623"},{"taxonomy":"product_tag","embeddable":true,"href":"https:\/\/www.silvian.nl\/it\/wp-json\/wp\/v2\/product_tag?post=49623"}],"curies":[{"name":"wp","href":"https:\/\/api.w.org\/{rel}","templated":true}]}}