{"id":40379,"date":"2024-11-25T13:11:12","date_gmt":"2024-11-25T13:11:12","guid":{"rendered":"https:\/\/www.silvian.nl\/product\/slowking\/"},"modified":"2024-12-04T23:06:21","modified_gmt":"2024-12-04T23:06:21","slug":"slowking","status":"publish","type":"product","link":"https:\/\/www.silvian.nl\/it\/prodotto\/slowking\/","title":{"rendered":"Slowking"},"content":{"rendered":"<p>Discard the top card of your deck, and if that card is a Pok\u00e9mon that doesn&#8217;t have a Rule Box, choose 1 of its attacks and use it as this attack. (Pok\u00e9mon ex, Pok\u00e9mon V, etc. have Rule Boxes.)<\/p>\n","protected":false},"excerpt":{"rendered":"<p>Discard the top card of your deck, and if that card is a Pok\u00e9mon that doesn&#8217;t have a Rule Box, choose 1 of its attacks and use it as this attack. (Pok\u00e9mon ex, Pok\u00e9mon V, etc. have Rule Boxes.)<\/p>\n","protected":false},"featured_media":40366,"template":"","meta":[],"product_cat":[999,2915],"product_tag":[],"class_list":{"0":"post-40379","1":"product","2":"type-product","3":"status-publish","4":"has-post-thumbnail","6":"product_cat-scarlet-violet","7":"product_cat-stellar-crown","9":"first","10":"outofstock","11":"shipping-taxable","12":"product-type-simple"},"_links":{"self":[{"href":"https:\/\/www.silvian.nl\/it\/wp-json\/wp\/v2\/product\/40379","targetHints":{"allow":["GET"]}}],"collection":[{"href":"https:\/\/www.silvian.nl\/it\/wp-json\/wp\/v2\/product"}],"about":[{"href":"https:\/\/www.silvian.nl\/it\/wp-json\/wp\/v2\/types\/product"}],"wp:featuredmedia":[{"embeddable":true,"href":"https:\/\/www.silvian.nl\/it\/wp-json\/wp\/v2\/media\/40366"}],"wp:attachment":[{"href":"https:\/\/www.silvian.nl\/it\/wp-json\/wp\/v2\/media?parent=40379"}],"wp:term":[{"taxonomy":"product_cat","embeddable":true,"href":"https:\/\/www.silvian.nl\/it\/wp-json\/wp\/v2\/product_cat?post=40379"},{"taxonomy":"product_tag","embeddable":true,"href":"https:\/\/www.silvian.nl\/it\/wp-json\/wp\/v2\/product_tag?post=40379"}],"curies":[{"name":"wp","href":"https:\/\/api.w.org\/{rel}","templated":true}]}}