{"id":39026,"date":"2024-11-25T10:11:45","date_gmt":"2024-11-25T10:11:45","guid":{"rendered":"https:\/\/www.silvian.nl\/product\/okidogi-ex-3\/"},"modified":"2024-12-04T23:03:51","modified_gmt":"2024-12-04T23:03:51","slug":"okidogi-ex-3","status":"publish","type":"product","link":"https:\/\/www.silvian.nl\/it\/prodotto\/okidogi-ex-3\/","title":{"rendered":"Okidogi ex"},"content":{"rendered":"<p>Search your deck for up to 2 Basic Darkness Energy cards and attach them to this Pok\u00e9mon. Then, shuffle your deck. If you attached Energy to a Pok\u00e9mon in this way, this Pok\u00e9mon is now Poisoned.<\/p>\n","protected":false},"excerpt":{"rendered":"<p>Search your deck for up to 2 Basic Darkness Energy cards and attach them to this Pok\u00e9mon. Then, shuffle your deck. If you attached Energy to a Pok\u00e9mon in this way, this Pok\u00e9mon is now Poisoned.<\/p>\n","protected":false},"featured_media":39013,"template":"","meta":[],"product_cat":[999,2828],"product_tag":[],"class_list":{"0":"post-39026","1":"product","2":"type-product","3":"status-publish","4":"has-post-thumbnail","6":"product_cat-scarlet-violet","7":"product_cat-shrouded-fable","9":"first","10":"outofstock","11":"shipping-taxable","12":"product-type-simple"},"_links":{"self":[{"href":"https:\/\/www.silvian.nl\/it\/wp-json\/wp\/v2\/product\/39026","targetHints":{"allow":["GET"]}}],"collection":[{"href":"https:\/\/www.silvian.nl\/it\/wp-json\/wp\/v2\/product"}],"about":[{"href":"https:\/\/www.silvian.nl\/it\/wp-json\/wp\/v2\/types\/product"}],"wp:featuredmedia":[{"embeddable":true,"href":"https:\/\/www.silvian.nl\/it\/wp-json\/wp\/v2\/media\/39013"}],"wp:attachment":[{"href":"https:\/\/www.silvian.nl\/it\/wp-json\/wp\/v2\/media?parent=39026"}],"wp:term":[{"taxonomy":"product_cat","embeddable":true,"href":"https:\/\/www.silvian.nl\/it\/wp-json\/wp\/v2\/product_cat?post=39026"},{"taxonomy":"product_tag","embeddable":true,"href":"https:\/\/www.silvian.nl\/it\/wp-json\/wp\/v2\/product_tag?post=39026"}],"curies":[{"name":"wp","href":"https:\/\/api.w.org\/{rel}","templated":true}]}}