{"id":29954,"date":"2024-11-24T10:12:52","date_gmt":"2024-11-24T10:12:52","guid":{"rendered":"https:\/\/www.silvian.nl\/product\/kilowattrel-4\/"},"modified":"2024-12-04T22:43:55","modified_gmt":"2024-12-04T22:43:55","slug":"kilowattrel-4","status":"publish","type":"product","link":"https:\/\/www.silvian.nl\/it\/prodotto\/kilowattrel-4\/","title":{"rendered":"Kilowattrel"},"content":{"rendered":"<p>This attack does 10 damage for each Pok\u00e9mon in your discard pile that has the United Wings attack to 1 of your opponent&#8217;s Benched Pok\u00e9mon. (Don&#8217;t apply Weakness and Resistance for Benched Pok\u00e9mon.)<\/p>\n","protected":false},"excerpt":{"rendered":"<p>Kilowattrel inflates its throat sac to amplify its electricity. By riding the wind, this Pok\u00e9mon can fly over 430 miles in a day.<\/p>\n","protected":false},"featured_media":29941,"template":"","meta":[],"product_cat":[2371,999],"product_tag":[],"class_list":{"0":"post-29954","1":"product","2":"type-product","3":"status-publish","4":"has-post-thumbnail","6":"product_cat-paldean-fates","7":"product_cat-scarlet-violet","9":"first","10":"outofstock","11":"shipping-taxable","12":"product-type-simple"},"_links":{"self":[{"href":"https:\/\/www.silvian.nl\/it\/wp-json\/wp\/v2\/product\/29954","targetHints":{"allow":["GET"]}}],"collection":[{"href":"https:\/\/www.silvian.nl\/it\/wp-json\/wp\/v2\/product"}],"about":[{"href":"https:\/\/www.silvian.nl\/it\/wp-json\/wp\/v2\/types\/product"}],"wp:featuredmedia":[{"embeddable":true,"href":"https:\/\/www.silvian.nl\/it\/wp-json\/wp\/v2\/media\/29941"}],"wp:attachment":[{"href":"https:\/\/www.silvian.nl\/it\/wp-json\/wp\/v2\/media?parent=29954"}],"wp:term":[{"taxonomy":"product_cat","embeddable":true,"href":"https:\/\/www.silvian.nl\/it\/wp-json\/wp\/v2\/product_cat?post=29954"},{"taxonomy":"product_tag","embeddable":true,"href":"https:\/\/www.silvian.nl\/it\/wp-json\/wp\/v2\/product_tag?post=29954"}],"curies":[{"name":"wp","href":"https:\/\/api.w.org\/{rel}","templated":true}]}}