{"id":25317,"date":"2024-11-23T15:17:22","date_gmt":"2024-11-23T15:17:22","guid":{"rendered":"https:\/\/www.silvian.nl\/product\/gligar\/"},"modified":"2024-12-04T22:34:47","modified_gmt":"2024-12-04T22:34:47","slug":"gligar","status":"publish","type":"product","link":"https:\/\/www.silvian.nl\/it\/prodotto\/gligar\/","title":{"rendered":"Gligar"},"content":{"rendered":"<p>Flip a coin. If heads, your opponent&#8217;s Active Pok\u00e9mon is now Poisoned. During Pok\u00e9mon Checkup, put 2 damage counters on that Pok\u00e9mon instead of 1.<\/p>\n","protected":false},"excerpt":{"rendered":"<p>It flies straight at its target&#8217;s face, then clamps down on the startled victim to inject poison.<\/p>\n","protected":false},"featured_media":25304,"template":"","meta":[],"product_cat":[1991,999],"product_tag":[],"class_list":{"0":"post-25317","1":"product","2":"type-product","3":"status-publish","4":"has-post-thumbnail","6":"product_cat-paradox-rift","7":"product_cat-scarlet-violet","9":"first","10":"outofstock","11":"shipping-taxable","12":"product-type-simple"},"_links":{"self":[{"href":"https:\/\/www.silvian.nl\/it\/wp-json\/wp\/v2\/product\/25317","targetHints":{"allow":["GET"]}}],"collection":[{"href":"https:\/\/www.silvian.nl\/it\/wp-json\/wp\/v2\/product"}],"about":[{"href":"https:\/\/www.silvian.nl\/it\/wp-json\/wp\/v2\/types\/product"}],"wp:featuredmedia":[{"embeddable":true,"href":"https:\/\/www.silvian.nl\/it\/wp-json\/wp\/v2\/media\/25304"}],"wp:attachment":[{"href":"https:\/\/www.silvian.nl\/it\/wp-json\/wp\/v2\/media?parent=25317"}],"wp:term":[{"taxonomy":"product_cat","embeddable":true,"href":"https:\/\/www.silvian.nl\/it\/wp-json\/wp\/v2\/product_cat?post=25317"},{"taxonomy":"product_tag","embeddable":true,"href":"https:\/\/www.silvian.nl\/it\/wp-json\/wp\/v2\/product_tag?post=25317"}],"curies":[{"name":"wp","href":"https:\/\/api.w.org\/{rel}","templated":true}]}}