{"id":14602,"date":"2024-11-22T13:27:54","date_gmt":"2024-11-22T13:27:54","guid":{"rendered":"https:\/\/www.silvian.nl\/product\/quaquaval-ex\/"},"modified":"2024-12-04T22:15:03","modified_gmt":"2024-12-04T22:15:03","slug":"quaquaval-ex","status":"publish","type":"product","link":"https:\/\/www.silvian.nl\/it\/prodotto\/quaquaval-ex\/","title":{"rendered":"Quaquaval ex"},"content":{"rendered":"<p>Switch this Pok\u00e9mon with 1 of your Benched Pok\u00e9mon. If you do, switch out your opponent&#8217;s Active Pok\u00e9mon to the Bench.\u00a0(Your opponent chooses the new Active Pok\u00e9mon.)<\/p>\n","protected":false},"excerpt":{"rendered":"<p>Switch this Pok\u00e9mon with 1 of your Benched Pok\u00e9mon. If you do, switch out your opponent&#8217;s Active Pok\u00e9mon to the Bench.\u00a0(Your opponent chooses the new Active Pok\u00e9mon.)<\/p>\n","protected":false},"featured_media":14589,"template":"","meta":[],"product_cat":[1292,999],"product_tag":[],"class_list":{"0":"post-14602","1":"product","2":"type-product","3":"status-publish","4":"has-post-thumbnail","6":"product_cat-paldea-evolved","7":"product_cat-scarlet-violet","9":"first","10":"outofstock","11":"shipping-taxable","12":"product-type-simple"},"_links":{"self":[{"href":"https:\/\/www.silvian.nl\/it\/wp-json\/wp\/v2\/product\/14602","targetHints":{"allow":["GET"]}}],"collection":[{"href":"https:\/\/www.silvian.nl\/it\/wp-json\/wp\/v2\/product"}],"about":[{"href":"https:\/\/www.silvian.nl\/it\/wp-json\/wp\/v2\/types\/product"}],"wp:featuredmedia":[{"embeddable":true,"href":"https:\/\/www.silvian.nl\/it\/wp-json\/wp\/v2\/media\/14589"}],"wp:attachment":[{"href":"https:\/\/www.silvian.nl\/it\/wp-json\/wp\/v2\/media?parent=14602"}],"wp:term":[{"taxonomy":"product_cat","embeddable":true,"href":"https:\/\/www.silvian.nl\/it\/wp-json\/wp\/v2\/product_cat?post=14602"},{"taxonomy":"product_tag","embeddable":true,"href":"https:\/\/www.silvian.nl\/it\/wp-json\/wp\/v2\/product_tag?post=14602"}],"curies":[{"name":"wp","href":"https:\/\/api.w.org\/{rel}","templated":true}]}}