{"id":139552,"date":"2024-12-20T12:41:13","date_gmt":"2024-12-20T12:41:13","guid":{"rendered":"https:\/\/www.silvian.nl\/product\/xerneas-6\/"},"modified":"2024-12-20T12:41:13","modified_gmt":"2024-12-20T12:41:13","slug":"xerneas-6","status":"publish","type":"product","link":"https:\/\/www.silvian.nl\/it\/prodotto\/xerneas-6\/","title":{"rendered":"Xerneas"},"content":{"rendered":"<p>Choose 2 of your Benched Pok\u00e9mon. For each of those Pok\u00e9mon, search your deck for a Fairy Energy card and attach it to that Pok\u00e9mon. Shuffle your deck afterward.<\/p>\n","protected":false},"excerpt":{"rendered":"<p>Legends say it can share eternal life. It slept for a thousand years in the form of a tree before its revival.<\/p>\n","protected":false},"featured_media":139539,"template":"","meta":[],"product_cat":[5803,5314],"product_tag":[],"class_list":{"0":"post-139552","1":"product","2":"type-product","3":"status-publish","4":"has-post-thumbnail","6":"product_cat-steam-siege","7":"product_cat-xy","9":"first","10":"outofstock","11":"shipping-taxable","12":"product-type-simple"},"_links":{"self":[{"href":"https:\/\/www.silvian.nl\/it\/wp-json\/wp\/v2\/product\/139552","targetHints":{"allow":["GET"]}}],"collection":[{"href":"https:\/\/www.silvian.nl\/it\/wp-json\/wp\/v2\/product"}],"about":[{"href":"https:\/\/www.silvian.nl\/it\/wp-json\/wp\/v2\/types\/product"}],"wp:featuredmedia":[{"embeddable":true,"href":"https:\/\/www.silvian.nl\/it\/wp-json\/wp\/v2\/media\/139539"}],"wp:attachment":[{"href":"https:\/\/www.silvian.nl\/it\/wp-json\/wp\/v2\/media?parent=139552"}],"wp:term":[{"taxonomy":"product_cat","embeddable":true,"href":"https:\/\/www.silvian.nl\/it\/wp-json\/wp\/v2\/product_cat?post=139552"},{"taxonomy":"product_tag","embeddable":true,"href":"https:\/\/www.silvian.nl\/it\/wp-json\/wp\/v2\/product_tag?post=139552"}],"curies":[{"name":"wp","href":"https:\/\/api.w.org\/{rel}","templated":true}]}}