{"id":136893,"date":"2024-12-20T12:12:24","date_gmt":"2024-12-20T12:12:24","guid":{"rendered":"https:\/\/www.silvian.nl\/product\/white-kyurem-2\/"},"modified":"2024-12-20T12:12:27","modified_gmt":"2024-12-20T12:12:27","slug":"white-kyurem-2","status":"publish","type":"product","link":"https:\/\/www.silvian.nl\/it\/prodotto\/white-kyurem-2\/","title":{"rendered":"White Kyurem"},"content":{"rendered":"<p>If this Pok\u00e9mon has any Fire Energy attached to it, this attack does 20 damage to 2 of your opponent&#8217;s Benched Pok\u00e9mon. (Don&#8217;t apply Weakness and Resistance for Benched Pok\u00e9mon.)<\/p>\n","protected":false},"excerpt":{"rendered":"<p>It generates a powerful, freezing energy inside itself, but its body became frozen when the energy leaked out.<\/p>\n","protected":false},"featured_media":136880,"template":"","meta":[],"product_cat":[5741,5314],"product_tag":[],"class_list":{"0":"post-136893","1":"product","2":"type-product","3":"status-publish","4":"has-post-thumbnail","6":"product_cat-fates-collide","7":"product_cat-xy","9":"first","10":"outofstock","11":"shipping-taxable","12":"product-type-simple"},"_links":{"self":[{"href":"https:\/\/www.silvian.nl\/it\/wp-json\/wp\/v2\/product\/136893","targetHints":{"allow":["GET"]}}],"collection":[{"href":"https:\/\/www.silvian.nl\/it\/wp-json\/wp\/v2\/product"}],"about":[{"href":"https:\/\/www.silvian.nl\/it\/wp-json\/wp\/v2\/types\/product"}],"wp:featuredmedia":[{"embeddable":true,"href":"https:\/\/www.silvian.nl\/it\/wp-json\/wp\/v2\/media\/136880"}],"wp:attachment":[{"href":"https:\/\/www.silvian.nl\/it\/wp-json\/wp\/v2\/media?parent=136893"}],"wp:term":[{"taxonomy":"product_cat","embeddable":true,"href":"https:\/\/www.silvian.nl\/it\/wp-json\/wp\/v2\/product_cat?post=136893"},{"taxonomy":"product_tag","embeddable":true,"href":"https:\/\/www.silvian.nl\/it\/wp-json\/wp\/v2\/product_tag?post=136893"}],"curies":[{"name":"wp","href":"https:\/\/api.w.org\/{rel}","templated":true}]}}