{"id":133534,"date":"2024-12-19T11:00:34","date_gmt":"2024-12-19T11:00:34","guid":{"rendered":"https:\/\/www.silvian.nl\/product\/beheeyem-4\/"},"modified":"2024-12-19T11:00:34","modified_gmt":"2024-12-19T11:00:34","slug":"beheeyem-4","status":"publish","type":"product","link":"https:\/\/www.silvian.nl\/it\/prodotto\/beheeyem-4\/","title":{"rendered":"Beheeyem"},"content":{"rendered":"<p>This attack does 20 damage to 1 of your opponent&#8217;s Pok\u00e9mon times the amount of Energy attached to that Pok\u00e9mon. (Don&#8217;t apply Weakness and Resistance for Benched Pok\u00e9mon.)<\/p>\n","protected":false},"excerpt":{"rendered":"<p>It uses psychic power to control an opponent&#8217;s brain and tamper with its memories.<\/p>\n","protected":false},"featured_media":133521,"template":"","meta":[],"product_cat":[5625,5314],"product_tag":[],"class_list":{"0":"post-133534","1":"product","2":"type-product","3":"status-publish","4":"has-post-thumbnail","6":"product_cat-breakthrough","7":"product_cat-xy","9":"first","10":"outofstock","11":"shipping-taxable","12":"product-type-simple"},"_links":{"self":[{"href":"https:\/\/www.silvian.nl\/it\/wp-json\/wp\/v2\/product\/133534","targetHints":{"allow":["GET"]}}],"collection":[{"href":"https:\/\/www.silvian.nl\/it\/wp-json\/wp\/v2\/product"}],"about":[{"href":"https:\/\/www.silvian.nl\/it\/wp-json\/wp\/v2\/types\/product"}],"wp:featuredmedia":[{"embeddable":true,"href":"https:\/\/www.silvian.nl\/it\/wp-json\/wp\/v2\/media\/133521"}],"wp:attachment":[{"href":"https:\/\/www.silvian.nl\/it\/wp-json\/wp\/v2\/media?parent=133534"}],"wp:term":[{"taxonomy":"product_cat","embeddable":true,"href":"https:\/\/www.silvian.nl\/it\/wp-json\/wp\/v2\/product_cat?post=133534"},{"taxonomy":"product_tag","embeddable":true,"href":"https:\/\/www.silvian.nl\/it\/wp-json\/wp\/v2\/product_tag?post=133534"}],"curies":[{"name":"wp","href":"https:\/\/api.w.org\/{rel}","templated":true}]}}