{"id":132666,"date":"2024-12-19T10:55:59","date_gmt":"2024-12-19T10:55:59","guid":{"rendered":"https:\/\/www.silvian.nl\/product\/chesnaught-break\/"},"modified":"2024-12-19T10:56:00","modified_gmt":"2024-12-19T10:56:00","slug":"chesnaught-break","status":"publish","type":"product","link":"https:\/\/www.silvian.nl\/it\/prodotto\/chesnaught-break\/","title":{"rendered":"Chesnaught BREAK"},"content":{"rendered":"<p>This Pok\u00e9mon does 30 damage to itself. This attack does 30 damage to 1 of your opponent&#8217;s Benched Pok\u00e9mon. (Don&#8217;t apply Weakness and Resistance for Benched Pok\u00e9mon.)<\/p>\n","protected":false},"excerpt":{"rendered":"<p>This Pok\u00e9mon does 30 damage to itself. This attack does 30 damage to 1 of your opponent&#8217;s Benched Pok\u00e9mon. (Don&#8217;t apply Weakness and Resistance for Benched Pok\u00e9mon.)<\/p>\n","protected":false},"featured_media":132653,"template":"","meta":[],"product_cat":[5625,5314],"product_tag":[],"class_list":{"0":"post-132666","1":"product","2":"type-product","3":"status-publish","4":"has-post-thumbnail","6":"product_cat-breakthrough","7":"product_cat-xy","9":"first","10":"outofstock","11":"shipping-taxable","12":"product-type-simple"},"_links":{"self":[{"href":"https:\/\/www.silvian.nl\/it\/wp-json\/wp\/v2\/product\/132666","targetHints":{"allow":["GET"]}}],"collection":[{"href":"https:\/\/www.silvian.nl\/it\/wp-json\/wp\/v2\/product"}],"about":[{"href":"https:\/\/www.silvian.nl\/it\/wp-json\/wp\/v2\/types\/product"}],"wp:featuredmedia":[{"embeddable":true,"href":"https:\/\/www.silvian.nl\/it\/wp-json\/wp\/v2\/media\/132653"}],"wp:attachment":[{"href":"https:\/\/www.silvian.nl\/it\/wp-json\/wp\/v2\/media?parent=132666"}],"wp:term":[{"taxonomy":"product_cat","embeddable":true,"href":"https:\/\/www.silvian.nl\/it\/wp-json\/wp\/v2\/product_cat?post=132666"},{"taxonomy":"product_tag","embeddable":true,"href":"https:\/\/www.silvian.nl\/it\/wp-json\/wp\/v2\/product_tag?post=132666"}],"curies":[{"name":"wp","href":"https:\/\/api.w.org\/{rel}","templated":true}]}}