{"id":131714,"date":"2024-12-19T08:23:37","date_gmt":"2024-12-19T08:23:37","guid":{"rendered":"https:\/\/www.silvian.nl\/product\/malamar-10\/"},"modified":"2024-12-19T08:23:38","modified_gmt":"2024-12-19T08:23:38","slug":"malamar-10","status":"publish","type":"product","link":"https:\/\/www.silvian.nl\/it\/prodotto\/malamar-10\/","title":{"rendered":"Malamar"},"content":{"rendered":"<p>Switch 1 of your opponent&#8217;s Benched Pok\u00e9mon with his or her Active Pok\u00e9mon. The new Active Pok\u00e9mon is now Confused.<\/p>\n","protected":false},"excerpt":{"rendered":"<p>It lures prey close with hypnotic motions, then wraps its tentacles around it before finishing it off with digestive fluids.<\/p>\n","protected":false},"featured_media":131701,"template":"","meta":[],"product_cat":[5582,5314],"product_tag":[],"class_list":{"0":"post-131714","1":"product","2":"type-product","3":"status-publish","4":"has-post-thumbnail","6":"product_cat-ancient-origins","7":"product_cat-xy","9":"first","10":"outofstock","11":"shipping-taxable","12":"product-type-simple"},"_links":{"self":[{"href":"https:\/\/www.silvian.nl\/it\/wp-json\/wp\/v2\/product\/131714","targetHints":{"allow":["GET"]}}],"collection":[{"href":"https:\/\/www.silvian.nl\/it\/wp-json\/wp\/v2\/product"}],"about":[{"href":"https:\/\/www.silvian.nl\/it\/wp-json\/wp\/v2\/types\/product"}],"wp:featuredmedia":[{"embeddable":true,"href":"https:\/\/www.silvian.nl\/it\/wp-json\/wp\/v2\/media\/131701"}],"wp:attachment":[{"href":"https:\/\/www.silvian.nl\/it\/wp-json\/wp\/v2\/media?parent=131714"}],"wp:term":[{"taxonomy":"product_cat","embeddable":true,"href":"https:\/\/www.silvian.nl\/it\/wp-json\/wp\/v2\/product_cat?post=131714"},{"taxonomy":"product_tag","embeddable":true,"href":"https:\/\/www.silvian.nl\/it\/wp-json\/wp\/v2\/product_tag?post=131714"}],"curies":[{"name":"wp","href":"https:\/\/api.w.org\/{rel}","templated":true}]}}