{"id":131169,"date":"2024-12-19T08:09:54","date_gmt":"2024-12-19T08:09:54","guid":{"rendered":"https:\/\/www.silvian.nl\/product\/m-sceptile-ex\/"},"modified":"2024-12-19T08:09:55","modified_gmt":"2024-12-19T08:09:55","slug":"m-sceptile-ex","status":"publish","type":"product","link":"https:\/\/www.silvian.nl\/it\/prodotto\/m-sceptile-ex\/","title":{"rendered":"M Sceptile-EX"},"content":{"rendered":"<p>You may attach up to 2 Grass Energy cards from your hand to your Benched Pok\u00e9mon in any way you like. If you attached Energy to a Pok\u00e9mon in this way, heal all damage from that Pok\u00e9mon.<\/p>\n","protected":false},"excerpt":{"rendered":"<p>You may attach up to 2 Grass Energy cards from your hand to your Benched Pok\u00e9mon in any way you like. If you attached Energy to a Pok\u00e9mon in this way, heal all damage from that Pok\u00e9mon.<\/p>\n","protected":false},"featured_media":131156,"template":"","meta":[],"product_cat":[5582,5314],"product_tag":[],"class_list":{"0":"post-131169","1":"product","2":"type-product","3":"status-publish","4":"has-post-thumbnail","6":"product_cat-ancient-origins","7":"product_cat-xy","9":"first","10":"outofstock","11":"shipping-taxable","12":"product-type-simple"},"_links":{"self":[{"href":"https:\/\/www.silvian.nl\/it\/wp-json\/wp\/v2\/product\/131169","targetHints":{"allow":["GET"]}}],"collection":[{"href":"https:\/\/www.silvian.nl\/it\/wp-json\/wp\/v2\/product"}],"about":[{"href":"https:\/\/www.silvian.nl\/it\/wp-json\/wp\/v2\/types\/product"}],"wp:featuredmedia":[{"embeddable":true,"href":"https:\/\/www.silvian.nl\/it\/wp-json\/wp\/v2\/media\/131156"}],"wp:attachment":[{"href":"https:\/\/www.silvian.nl\/it\/wp-json\/wp\/v2\/media?parent=131169"}],"wp:term":[{"taxonomy":"product_cat","embeddable":true,"href":"https:\/\/www.silvian.nl\/it\/wp-json\/wp\/v2\/product_cat?post=131169"},{"taxonomy":"product_tag","embeddable":true,"href":"https:\/\/www.silvian.nl\/it\/wp-json\/wp\/v2\/product_tag?post=131169"}],"curies":[{"name":"wp","href":"https:\/\/api.w.org\/{rel}","templated":true}]}}