{"id":125516,"date":"2024-12-16T15:10:55","date_gmt":"2024-12-16T15:10:55","guid":{"rendered":"https:\/\/www.silvian.nl\/product\/leavanny-3\/"},"modified":"2024-12-16T15:10:56","modified_gmt":"2024-12-16T15:10:56","slug":"leavanny-3","status":"publish","type":"product","link":"https:\/\/www.silvian.nl\/it\/prodotto\/leavanny-3\/","title":{"rendered":"Leavanny"},"content":{"rendered":"<p>Choose up to 2 of your Benched Pok\u00e9mon that have no Pok\u00e9mon Tools attached to them. For each of those Pok\u00e9mon, search your deck for a Pok\u00e9mon Tool card, and attach it to that Pok\u00e9mon. Shuffle your deck afterward.<\/p>\n","protected":false},"excerpt":{"rendered":"<p>Upon finding a small Pok\u00e9mon, it weaves clothing for it from leaves by using the sticky silk secreted from its mouth.<\/p>\n","protected":false},"featured_media":125503,"template":"","meta":[],"product_cat":[5464,5314],"product_tag":[],"class_list":{"0":"post-125516","1":"product","2":"type-product","3":"status-publish","4":"has-post-thumbnail","6":"product_cat-phantom-forces","7":"product_cat-xy","9":"first","10":"outofstock","11":"shipping-taxable","12":"product-type-simple"},"_links":{"self":[{"href":"https:\/\/www.silvian.nl\/it\/wp-json\/wp\/v2\/product\/125516","targetHints":{"allow":["GET"]}}],"collection":[{"href":"https:\/\/www.silvian.nl\/it\/wp-json\/wp\/v2\/product"}],"about":[{"href":"https:\/\/www.silvian.nl\/it\/wp-json\/wp\/v2\/types\/product"}],"wp:featuredmedia":[{"embeddable":true,"href":"https:\/\/www.silvian.nl\/it\/wp-json\/wp\/v2\/media\/125503"}],"wp:attachment":[{"href":"https:\/\/www.silvian.nl\/it\/wp-json\/wp\/v2\/media?parent=125516"}],"wp:term":[{"taxonomy":"product_cat","embeddable":true,"href":"https:\/\/www.silvian.nl\/it\/wp-json\/wp\/v2\/product_cat?post=125516"},{"taxonomy":"product_tag","embeddable":true,"href":"https:\/\/www.silvian.nl\/it\/wp-json\/wp\/v2\/product_tag?post=125516"}],"curies":[{"name":"wp","href":"https:\/\/api.w.org\/{rel}","templated":true}]}}