{"id":124649,"date":"2024-12-16T15:05:13","date_gmt":"2024-12-16T15:05:13","guid":{"rendered":"https:\/\/www.silvian.nl\/product\/pancham-7\/"},"modified":"2024-12-16T15:05:14","modified_gmt":"2024-12-16T15:05:14","slug":"pancham-7","status":"publish","type":"product","link":"https:\/\/www.silvian.nl\/it\/prodotto\/pancham-7\/","title":{"rendered":"Pancham"},"content":{"rendered":"<p>If you have any Darkness Pok\u00e9mon on your Bench, search your deck for a card that evolves from this Pok\u00e9mon and put it onto this Pok\u00e9mon. (This counts as evolving this Pok\u00e9mon.) Shuffle your deck afterward.<\/p>\n","protected":false},"excerpt":{"rendered":"<p>It does its best to be taken seriously by its enemies, but its glare is not sufficiently intimidating. Chewing on a leaf is its trademark.<\/p>\n","protected":false},"featured_media":124636,"template":"","meta":[],"product_cat":[5429,5314],"product_tag":[],"class_list":{"0":"post-124649","1":"product","2":"type-product","3":"status-publish","4":"has-post-thumbnail","6":"product_cat-furious-fists","7":"product_cat-xy","9":"first","10":"outofstock","11":"shipping-taxable","12":"product-type-simple"},"_links":{"self":[{"href":"https:\/\/www.silvian.nl\/it\/wp-json\/wp\/v2\/product\/124649","targetHints":{"allow":["GET"]}}],"collection":[{"href":"https:\/\/www.silvian.nl\/it\/wp-json\/wp\/v2\/product"}],"about":[{"href":"https:\/\/www.silvian.nl\/it\/wp-json\/wp\/v2\/types\/product"}],"wp:featuredmedia":[{"embeddable":true,"href":"https:\/\/www.silvian.nl\/it\/wp-json\/wp\/v2\/media\/124636"}],"wp:attachment":[{"href":"https:\/\/www.silvian.nl\/it\/wp-json\/wp\/v2\/media?parent=124649"}],"wp:term":[{"taxonomy":"product_cat","embeddable":true,"href":"https:\/\/www.silvian.nl\/it\/wp-json\/wp\/v2\/product_cat?post=124649"},{"taxonomy":"product_tag","embeddable":true,"href":"https:\/\/www.silvian.nl\/it\/wp-json\/wp\/v2\/product_tag?post=124649"}],"curies":[{"name":"wp","href":"https:\/\/api.w.org\/{rel}","templated":true}]}}