{"id":111083,"date":"2024-12-09T13:14:06","date_gmt":"2024-12-09T13:14:06","guid":{"rendered":"https:\/\/www.silvian.nl\/product\/gumshoos-3\/"},"modified":"2024-12-09T13:14:07","modified_gmt":"2024-12-09T13:14:07","slug":"gumshoos-3","status":"publish","type":"product","link":"https:\/\/www.silvian.nl\/it\/prodotto\/gumshoos-3\/","title":{"rendered":"Gumshoos"},"content":{"rendered":"<p>If your opponent&#8217;s Active Pok\u00e9mon is a Pok\u00e9mon-GX or Pok\u00e9mon-EX, this attack&#8217;s base damage is 30.<\/p>\n","protected":false},"excerpt":{"rendered":"<p>Although it wasn&#8217;t originally found in Alola, this Pok\u00e9mon was brought over a long time ago when there was a huge Rattata outbreak.<\/p>\n","protected":false},"featured_media":111070,"template":"","meta":[],"product_cat":[4493,5110],"product_tag":[],"class_list":{"0":"post-111083","1":"product","2":"type-product","3":"status-publish","4":"has-post-thumbnail","6":"product_cat-sun-moon","7":"product_cat-unified-minds","9":"first","10":"outofstock","11":"shipping-taxable","12":"product-type-simple"},"_links":{"self":[{"href":"https:\/\/www.silvian.nl\/it\/wp-json\/wp\/v2\/product\/111083","targetHints":{"allow":["GET"]}}],"collection":[{"href":"https:\/\/www.silvian.nl\/it\/wp-json\/wp\/v2\/product"}],"about":[{"href":"https:\/\/www.silvian.nl\/it\/wp-json\/wp\/v2\/types\/product"}],"wp:featuredmedia":[{"embeddable":true,"href":"https:\/\/www.silvian.nl\/it\/wp-json\/wp\/v2\/media\/111070"}],"wp:attachment":[{"href":"https:\/\/www.silvian.nl\/it\/wp-json\/wp\/v2\/media?parent=111083"}],"wp:term":[{"taxonomy":"product_cat","embeddable":true,"href":"https:\/\/www.silvian.nl\/it\/wp-json\/wp\/v2\/product_cat?post=111083"},{"taxonomy":"product_tag","embeddable":true,"href":"https:\/\/www.silvian.nl\/it\/wp-json\/wp\/v2\/product_tag?post=111083"}],"curies":[{"name":"wp","href":"https:\/\/api.w.org\/{rel}","templated":true}]}}