{"id":88456,"date":"2024-12-01T16:23:50","date_gmt":"2024-12-01T16:23:50","guid":{"rendered":"https:\/\/www.silvian.nl\/product\/sawk-2\/"},"modified":"2024-12-05T00:42:58","modified_gmt":"2024-12-05T00:42:58","slug":"sawk-2","status":"publish","type":"product","link":"https:\/\/www.silvian.nl\/he\/product\/sawk-2\/","title":{"rendered":"Sawk"},"content":{"rendered":"<p>Prevent all damage done to this Pok\u00e9mon by attacks from Basic Pok\u00e9mon during your opponent's next turn. This Pok\u00e9mon can't use Quick Guard during your next turn.<\/p>\n","protected":false},"excerpt":{"rendered":"<p>Desiring the strongest karate chop, they seclude themselves in mountains and train without sleeping.<\/p>\n","protected":false},"featured_media":88443,"template":"","meta":[],"product_cat":[4629,4493],"product_tag":[],"class_list":{"0":"post-88456","1":"product","2":"type-product","3":"status-publish","4":"has-post-thumbnail","6":"product_cat-burning-shadows","7":"product_cat-sun-moon","9":"first","10":"outofstock","11":"shipping-taxable","12":"product-type-simple"},"_links":{"self":[{"href":"https:\/\/www.silvian.nl\/he\/wp-json\/wp\/v2\/product\/88456","targetHints":{"allow":["GET"]}}],"collection":[{"href":"https:\/\/www.silvian.nl\/he\/wp-json\/wp\/v2\/product"}],"about":[{"href":"https:\/\/www.silvian.nl\/he\/wp-json\/wp\/v2\/types\/product"}],"wp:featuredmedia":[{"embeddable":true,"href":"https:\/\/www.silvian.nl\/he\/wp-json\/wp\/v2\/media\/88443"}],"wp:attachment":[{"href":"https:\/\/www.silvian.nl\/he\/wp-json\/wp\/v2\/media?parent=88456"}],"wp:term":[{"taxonomy":"product_cat","embeddable":true,"href":"https:\/\/www.silvian.nl\/he\/wp-json\/wp\/v2\/product_cat?post=88456"},{"taxonomy":"product_tag","embeddable":true,"href":"https:\/\/www.silvian.nl\/he\/wp-json\/wp\/v2\/product_tag?post=88456"}],"curies":[{"name":"wp","href":"https:\/\/api.w.org\/{rel}","templated":true}]}}