{"id":81392,"date":"2024-11-28T12:16:21","date_gmt":"2024-11-28T12:16:21","guid":{"rendered":"https:\/\/www.silvian.nl\/product\/spinda-2\/"},"modified":"2024-12-05T00:32:22","modified_gmt":"2024-12-05T00:32:22","slug":"spinda-2","status":"publish","type":"product","link":"https:\/\/www.silvian.nl\/he\/product\/spinda-2\/","title":{"rendered":"Spinda"},"content":{"rendered":"<p>This attack does 10 damage to each of your opponent's Pok\u00e9mon. Your opponent's Active Pok\u00e9mon is now Confused. (Don't apply Weakness and Resistance for Benched Pok\u00e9mon.)<\/p>\n","protected":false},"excerpt":{"rendered":"<p>Each Spinda's spot pattern is different. With its stumbling movements, it evades opponents' attacks brilliantly!<\/p>\n","protected":false},"featured_media":81379,"template":"","meta":[],"product_cat":[4398,2971],"product_tag":[],"class_list":{"0":"post-81392","1":"product","2":"type-product","3":"status-publish","4":"has-post-thumbnail","6":"product_cat-silver-tempest","7":"product_cat-sword-shield","9":"first","10":"outofstock","11":"shipping-taxable","12":"product-type-simple"},"_links":{"self":[{"href":"https:\/\/www.silvian.nl\/he\/wp-json\/wp\/v2\/product\/81392","targetHints":{"allow":["GET"]}}],"collection":[{"href":"https:\/\/www.silvian.nl\/he\/wp-json\/wp\/v2\/product"}],"about":[{"href":"https:\/\/www.silvian.nl\/he\/wp-json\/wp\/v2\/types\/product"}],"wp:featuredmedia":[{"embeddable":true,"href":"https:\/\/www.silvian.nl\/he\/wp-json\/wp\/v2\/media\/81379"}],"wp:attachment":[{"href":"https:\/\/www.silvian.nl\/he\/wp-json\/wp\/v2\/media?parent=81392"}],"wp:term":[{"taxonomy":"product_cat","embeddable":true,"href":"https:\/\/www.silvian.nl\/he\/wp-json\/wp\/v2\/product_cat?post=81392"},{"taxonomy":"product_tag","embeddable":true,"href":"https:\/\/www.silvian.nl\/he\/wp-json\/wp\/v2\/product_tag?post=81392"}],"curies":[{"name":"wp","href":"https:\/\/api.w.org\/{rel}","templated":true}]}}