{"id":79894,"date":"2024-11-28T11:48:37","date_gmt":"2024-11-28T11:48:37","guid":{"rendered":"https:\/\/www.silvian.nl\/product\/alolan-vulpix-vstar\/"},"modified":"2024-12-05T00:27:02","modified_gmt":"2024-12-05T00:27:02","slug":"alolan-vulpix-vstar","status":"publish","type":"product","link":"https:\/\/www.silvian.nl\/he\/product\/alolan-vulpix-vstar\/","title":{"rendered":"Alolan Vulpix VSTAR"},"content":{"rendered":"<p>This attack's damage isn't affected by any effects on your opponent's Active Pok\u00e9mon. During your opponent's next turn, prevent all damage done to this Pok\u00e9mon by attacks from Pok\u00e9mon that have an Ability.<\/p>\n","protected":false},"excerpt":{"rendered":"<p>This attack's damage isn't affected by any effects on your opponent's Active Pok\u00e9mon. During your opponent's next turn, prevent all damage done to this Pok\u00e9mon by attacks from Pok\u00e9mon that have an Ability.<\/p>\n","protected":false},"featured_media":79881,"template":"","meta":[],"product_cat":[4398,2971],"product_tag":[],"class_list":{"0":"post-79894","1":"product","2":"type-product","3":"status-publish","4":"has-post-thumbnail","6":"product_cat-silver-tempest","7":"product_cat-sword-shield","9":"first","10":"outofstock","11":"shipping-taxable","12":"product-type-simple"},"_links":{"self":[{"href":"https:\/\/www.silvian.nl\/he\/wp-json\/wp\/v2\/product\/79894","targetHints":{"allow":["GET"]}}],"collection":[{"href":"https:\/\/www.silvian.nl\/he\/wp-json\/wp\/v2\/product"}],"about":[{"href":"https:\/\/www.silvian.nl\/he\/wp-json\/wp\/v2\/types\/product"}],"wp:featuredmedia":[{"embeddable":true,"href":"https:\/\/www.silvian.nl\/he\/wp-json\/wp\/v2\/media\/79881"}],"wp:attachment":[{"href":"https:\/\/www.silvian.nl\/he\/wp-json\/wp\/v2\/media?parent=79894"}],"wp:term":[{"taxonomy":"product_cat","embeddable":true,"href":"https:\/\/www.silvian.nl\/he\/wp-json\/wp\/v2\/product_cat?post=79894"},{"taxonomy":"product_tag","embeddable":true,"href":"https:\/\/www.silvian.nl\/he\/wp-json\/wp\/v2\/product_tag?post=79894"}],"curies":[{"name":"wp","href":"https:\/\/api.w.org\/{rel}","templated":true}]}}