{"id":7706,"date":"2024-11-21T11:56:39","date_gmt":"2024-11-21T11:56:39","guid":{"rendered":"https:\/\/www.silvian.nl\/product\/dark-raichu-2\/"},"modified":"2024-12-04T21:49:26","modified_gmt":"2024-12-04T21:49:26","slug":"dark-raichu-2","status":"publish","type":"product","link":"https:\/\/www.silvian.nl\/he\/product\/dark-raichu-2\/","title":{"rendered":"Dark Raichu"},"content":{"rendered":"<p>Flip a coin. If heads, flip another coin. If the second coins is heads, this attack does 20 damage to each of your opponent's Benched Pok\u00e9mon. If the second coin is tails, this attack does 10 damage to each of your opponent's Benched Pok\u00e9mon. (Don't apply Weakness and Resistance for Benched Pok\u00e9mon.)<\/p>\n","protected":false},"excerpt":{"rendered":"<p>Stores up electricity in its body, then suddenly releases it to surprise and shock everyone.<\/p>\n","protected":false},"featured_media":7693,"template":"","meta":[],"product_cat":[296,2826],"product_tag":[],"class_list":{"0":"post-7706","1":"product","2":"type-product","3":"status-publish","4":"has-post-thumbnail","6":"product_cat-base","7":"product_cat-base-set-6","9":"first","10":"outofstock","11":"shipping-taxable","12":"product-type-simple"},"_links":{"self":[{"href":"https:\/\/www.silvian.nl\/he\/wp-json\/wp\/v2\/product\/7706","targetHints":{"allow":["GET"]}}],"collection":[{"href":"https:\/\/www.silvian.nl\/he\/wp-json\/wp\/v2\/product"}],"about":[{"href":"https:\/\/www.silvian.nl\/he\/wp-json\/wp\/v2\/types\/product"}],"wp:featuredmedia":[{"embeddable":true,"href":"https:\/\/www.silvian.nl\/he\/wp-json\/wp\/v2\/media\/7693"}],"wp:attachment":[{"href":"https:\/\/www.silvian.nl\/he\/wp-json\/wp\/v2\/media?parent=7706"}],"wp:term":[{"taxonomy":"product_cat","embeddable":true,"href":"https:\/\/www.silvian.nl\/he\/wp-json\/wp\/v2\/product_cat?post=7706"},{"taxonomy":"product_tag","embeddable":true,"href":"https:\/\/www.silvian.nl\/he\/wp-json\/wp\/v2\/product_tag?post=7706"}],"curies":[{"name":"wp","href":"https:\/\/api.w.org\/{rel}","templated":true}]}}