{"id":74589,"date":"2024-11-27T20:06:48","date_gmt":"2024-11-27T20:06:48","guid":{"rendered":"https:\/\/www.silvian.nl\/product\/hisuian-overqwil\/"},"modified":"2024-12-05T00:19:28","modified_gmt":"2024-12-05T00:19:28","slug":"hisuian-overqwil","status":"publish","type":"product","link":"https:\/\/www.silvian.nl\/he\/product\/hisuian-overqwil\/","title":{"rendered":"Hisuian Overqwil"},"content":{"rendered":"<p>Your opponent's Active Pok\u00e9mon is now Poisoned. During Pok\u00e9mon Checkup, put 5 damage counters on that Pok\u00e9mon instead of 1.<\/p>\n","protected":false},"excerpt":{"rendered":"<p>Its lancelike spikes and savage temperament have earned it the nickname &quot;sea fiend.&quot; It slurps up poison to nourish itself.<\/p>\n","protected":false},"featured_media":74576,"template":"","meta":[],"product_cat":[4198,2971],"product_tag":[],"class_list":{"0":"post-74589","1":"product","2":"type-product","3":"status-publish","4":"has-post-thumbnail","6":"product_cat-astral-radiance","7":"product_cat-sword-shield","9":"first","10":"outofstock","11":"shipping-taxable","12":"product-type-simple"},"_links":{"self":[{"href":"https:\/\/www.silvian.nl\/he\/wp-json\/wp\/v2\/product\/74589","targetHints":{"allow":["GET"]}}],"collection":[{"href":"https:\/\/www.silvian.nl\/he\/wp-json\/wp\/v2\/product"}],"about":[{"href":"https:\/\/www.silvian.nl\/he\/wp-json\/wp\/v2\/types\/product"}],"wp:featuredmedia":[{"embeddable":true,"href":"https:\/\/www.silvian.nl\/he\/wp-json\/wp\/v2\/media\/74576"}],"wp:attachment":[{"href":"https:\/\/www.silvian.nl\/he\/wp-json\/wp\/v2\/media?parent=74589"}],"wp:term":[{"taxonomy":"product_cat","embeddable":true,"href":"https:\/\/www.silvian.nl\/he\/wp-json\/wp\/v2\/product_cat?post=74589"},{"taxonomy":"product_tag","embeddable":true,"href":"https:\/\/www.silvian.nl\/he\/wp-json\/wp\/v2\/product_tag?post=74589"}],"curies":[{"name":"wp","href":"https:\/\/api.w.org\/{rel}","templated":true}]}}