{"id":73945,"date":"2024-11-27T19:54:08","date_gmt":"2024-11-27T19:54:08","guid":{"rendered":"https:\/\/www.silvian.nl\/product\/hisuian-basculegion\/"},"modified":"2024-12-05T00:18:24","modified_gmt":"2024-12-05T00:18:24","slug":"hisuian-basculegion","status":"publish","type":"product","link":"https:\/\/www.silvian.nl\/he\/product\/hisuian-basculegion\/","title":{"rendered":"Hisuian Basculegion"},"content":{"rendered":"<p>If any of your Pok\u00e9mon were Knocked Out by damage from an attack from your opponent's Pok\u00e9mon during their last turn, this attack does 90 more damage, and your opponent's Active Pok\u00e9mon is now Confused.<\/p>\n","protected":false},"excerpt":{"rendered":"<p>Clads itself in the souls of comrades that perished before fulfilling their goals of journeying upstream. No other species throughout all Hisui's rivers is Basculegion's equal.<\/p>\n","protected":false},"featured_media":73932,"template":"","meta":[],"product_cat":[4198,2971],"product_tag":[],"class_list":{"0":"post-73945","1":"product","2":"type-product","3":"status-publish","4":"has-post-thumbnail","6":"product_cat-astral-radiance","7":"product_cat-sword-shield","9":"first","10":"outofstock","11":"shipping-taxable","12":"product-type-simple"},"_links":{"self":[{"href":"https:\/\/www.silvian.nl\/he\/wp-json\/wp\/v2\/product\/73945","targetHints":{"allow":["GET"]}}],"collection":[{"href":"https:\/\/www.silvian.nl\/he\/wp-json\/wp\/v2\/product"}],"about":[{"href":"https:\/\/www.silvian.nl\/he\/wp-json\/wp\/v2\/types\/product"}],"wp:featuredmedia":[{"embeddable":true,"href":"https:\/\/www.silvian.nl\/he\/wp-json\/wp\/v2\/media\/73932"}],"wp:attachment":[{"href":"https:\/\/www.silvian.nl\/he\/wp-json\/wp\/v2\/media?parent=73945"}],"wp:term":[{"taxonomy":"product_cat","embeddable":true,"href":"https:\/\/www.silvian.nl\/he\/wp-json\/wp\/v2\/product_cat?post=73945"},{"taxonomy":"product_tag","embeddable":true,"href":"https:\/\/www.silvian.nl\/he\/wp-json\/wp\/v2\/product_tag?post=73945"}],"curies":[{"name":"wp","href":"https:\/\/api.w.org\/{rel}","templated":true}]}}