{"id":6993,"date":"2024-11-21T10:57:46","date_gmt":"2024-11-21T10:57:46","guid":{"rendered":"https:\/\/www.silvian.nl\/product\/dark-machoke\/"},"modified":"2024-12-04T21:47:39","modified_gmt":"2024-12-04T21:47:39","slug":"dark-machoke","status":"publish","type":"product","link":"https:\/\/www.silvian.nl\/he\/product\/dark-machoke\/","title":{"rendered":"Dark Machoke"},"content":{"rendered":"<p>Before doing damage, choose 1 of your opponent's Benched Pok\u00e9mon and switch it with the Defending Pok\u00e9mon. Do the damage to the new Defending Pok\u00e9mon. This attack can't be used if your opponent has no Benched Pok\u00e9mon.<\/p>\n","protected":false},"excerpt":{"rendered":"<p>While normally peaceful and friendly, the number of incidents involving cruel Machokes is rising.<\/p>\n","protected":false},"featured_media":6980,"template":"","meta":[],"product_cat":[296,2825],"product_tag":[],"class_list":{"0":"post-6993","1":"product","2":"type-product","3":"status-publish","4":"has-post-thumbnail","6":"product_cat-base","7":"product_cat-base-set-5","9":"first","10":"outofstock","11":"shipping-taxable","12":"product-type-simple"},"_links":{"self":[{"href":"https:\/\/www.silvian.nl\/he\/wp-json\/wp\/v2\/product\/6993","targetHints":{"allow":["GET"]}}],"collection":[{"href":"https:\/\/www.silvian.nl\/he\/wp-json\/wp\/v2\/product"}],"about":[{"href":"https:\/\/www.silvian.nl\/he\/wp-json\/wp\/v2\/types\/product"}],"wp:featuredmedia":[{"embeddable":true,"href":"https:\/\/www.silvian.nl\/he\/wp-json\/wp\/v2\/media\/6980"}],"wp:attachment":[{"href":"https:\/\/www.silvian.nl\/he\/wp-json\/wp\/v2\/media?parent=6993"}],"wp:term":[{"taxonomy":"product_cat","embeddable":true,"href":"https:\/\/www.silvian.nl\/he\/wp-json\/wp\/v2\/product_cat?post=6993"},{"taxonomy":"product_tag","embeddable":true,"href":"https:\/\/www.silvian.nl\/he\/wp-json\/wp\/v2\/product_tag?post=6993"}],"curies":[{"name":"wp","href":"https:\/\/api.w.org\/{rel}","templated":true}]}}