{"id":65481,"date":"2024-11-27T08:47:36","date_gmt":"2024-11-27T08:47:36","guid":{"rendered":"https:\/\/www.silvian.nl\/product\/rapid-strike-scroll-of-the-flying-dragon\/"},"modified":"2024-12-05T00:03:45","modified_gmt":"2024-12-05T00:03:45","slug":"rapid-strike-scroll-of-the-flying-dragon","status":"publish","type":"product","link":"https:\/\/www.silvian.nl\/he\/product\/rapid-strike-scroll-of-the-flying-dragon\/","title":{"rendered":"Rapid Strike Scroll of the Flying Dragon"},"content":{"rendered":"<p>Discard 2 Energy from this Pok\u00e9mon. This attack does 90 damage to 1 of your opponent's Pok\u00e9mon. (Don't apply Weakness and Resistance for Benched Pok\u00e9mon.)<\/p>\n","protected":false},"excerpt":{"rendered":"<p>Discard 2 Energy from this Pok\u00e9mon. This attack does 90 damage to 1 of your opponent's Pok\u00e9mon. (Don't apply Weakness and Resistance for Benched Pok\u00e9mon.)<\/p>\n","protected":false},"featured_media":65468,"template":"","meta":[],"product_cat":[3866,2971],"product_tag":[],"class_list":{"0":"post-65481","1":"product","2":"type-product","3":"status-publish","4":"has-post-thumbnail","6":"product_cat-evolving-skies","7":"product_cat-sword-shield","9":"first","10":"outofstock","11":"shipping-taxable","12":"product-type-simple"},"_links":{"self":[{"href":"https:\/\/www.silvian.nl\/he\/wp-json\/wp\/v2\/product\/65481","targetHints":{"allow":["GET"]}}],"collection":[{"href":"https:\/\/www.silvian.nl\/he\/wp-json\/wp\/v2\/product"}],"about":[{"href":"https:\/\/www.silvian.nl\/he\/wp-json\/wp\/v2\/types\/product"}],"wp:featuredmedia":[{"embeddable":true,"href":"https:\/\/www.silvian.nl\/he\/wp-json\/wp\/v2\/media\/65468"}],"wp:attachment":[{"href":"https:\/\/www.silvian.nl\/he\/wp-json\/wp\/v2\/media?parent=65481"}],"wp:term":[{"taxonomy":"product_cat","embeddable":true,"href":"https:\/\/www.silvian.nl\/he\/wp-json\/wp\/v2\/product_cat?post=65481"},{"taxonomy":"product_tag","embeddable":true,"href":"https:\/\/www.silvian.nl\/he\/wp-json\/wp\/v2\/product_tag?post=65481"}],"curies":[{"name":"wp","href":"https:\/\/api.w.org\/{rel}","templated":true}]}}