{"id":58248,"date":"2024-11-26T13:57:16","date_gmt":"2024-11-26T13:57:16","guid":{"rendered":"https:\/\/www.silvian.nl\/product\/claydol-3\/"},"modified":"2024-12-04T23:54:32","modified_gmt":"2024-12-04T23:54:32","slug":"claydol-3","status":"publish","type":"product","link":"https:\/\/www.silvian.nl\/he\/product\/claydol-3\/","title":{"rendered":"Claydol"},"content":{"rendered":"<p>Attach Psychic Energy cards from your discard pile to your Pok\u00e9mon in any way you like until your Pok\u00e9mon and your opponent's Pok\u00e9mon have the same total amount of Energy attached.<\/p>\n","protected":false},"excerpt":{"rendered":"<p>It appears to have been born from clay dolls made by ancient people. It uses telekinesis to float and move.<\/p>\n","protected":false},"featured_media":58235,"template":"","meta":[],"product_cat":[3696,2971],"product_tag":[],"class_list":{"0":"post-58248","1":"product","2":"type-product","3":"status-publish","4":"has-post-thumbnail","6":"product_cat-battle-styles","7":"product_cat-sword-shield","9":"first","10":"outofstock","11":"shipping-taxable","12":"product-type-simple"},"_links":{"self":[{"href":"https:\/\/www.silvian.nl\/he\/wp-json\/wp\/v2\/product\/58248","targetHints":{"allow":["GET"]}}],"collection":[{"href":"https:\/\/www.silvian.nl\/he\/wp-json\/wp\/v2\/product"}],"about":[{"href":"https:\/\/www.silvian.nl\/he\/wp-json\/wp\/v2\/types\/product"}],"wp:featuredmedia":[{"embeddable":true,"href":"https:\/\/www.silvian.nl\/he\/wp-json\/wp\/v2\/media\/58235"}],"wp:attachment":[{"href":"https:\/\/www.silvian.nl\/he\/wp-json\/wp\/v2\/media?parent=58248"}],"wp:term":[{"taxonomy":"product_cat","embeddable":true,"href":"https:\/\/www.silvian.nl\/he\/wp-json\/wp\/v2\/product_cat?post=58248"},{"taxonomy":"product_tag","embeddable":true,"href":"https:\/\/www.silvian.nl\/he\/wp-json\/wp\/v2\/product_tag?post=58248"}],"curies":[{"name":"wp","href":"https:\/\/api.w.org\/{rel}","templated":true}]}}