{"id":50351,"date":"2024-11-25T22:23:31","date_gmt":"2024-11-25T22:23:31","guid":{"rendered":"https:\/\/www.silvian.nl\/product\/malamar-v\/"},"modified":"2024-12-04T23:41:59","modified_gmt":"2024-12-04T23:41:59","slug":"malamar-v","status":"publish","type":"product","link":"https:\/\/www.silvian.nl\/he\/product\/malamar-v\/","title":{"rendered":"Malamar V"},"content":{"rendered":"<p>Switch 1 of your opponent's Benched Pok\u00e9mon with their Active Pok\u00e9mon. This attack does 30 damage to the new Active Pok\u00e9mon.<\/p>\n","protected":false},"excerpt":{"rendered":"<p>Switch 1 of your opponent's Benched Pok\u00e9mon with their Active Pok\u00e9mon. This attack does 30 damage to the new Active Pok\u00e9mon.<\/p>\n","protected":false},"featured_media":50338,"template":"","meta":[],"product_cat":[3338,2971],"product_tag":[],"class_list":{"0":"post-50351","1":"product","2":"type-product","3":"status-publish","4":"has-post-thumbnail","6":"product_cat-rebel-clash","7":"product_cat-sword-shield","9":"first","10":"outofstock","11":"shipping-taxable","12":"product-type-simple"},"_links":{"self":[{"href":"https:\/\/www.silvian.nl\/he\/wp-json\/wp\/v2\/product\/50351","targetHints":{"allow":["GET"]}}],"collection":[{"href":"https:\/\/www.silvian.nl\/he\/wp-json\/wp\/v2\/product"}],"about":[{"href":"https:\/\/www.silvian.nl\/he\/wp-json\/wp\/v2\/types\/product"}],"wp:featuredmedia":[{"embeddable":true,"href":"https:\/\/www.silvian.nl\/he\/wp-json\/wp\/v2\/media\/50338"}],"wp:attachment":[{"href":"https:\/\/www.silvian.nl\/he\/wp-json\/wp\/v2\/media?parent=50351"}],"wp:term":[{"taxonomy":"product_cat","embeddable":true,"href":"https:\/\/www.silvian.nl\/he\/wp-json\/wp\/v2\/product_cat?post=50351"},{"taxonomy":"product_tag","embeddable":true,"href":"https:\/\/www.silvian.nl\/he\/wp-json\/wp\/v2\/product_tag?post=50351"}],"curies":[{"name":"wp","href":"https:\/\/api.w.org\/{rel}","templated":true}]}}