{"id":35340,"date":"2024-11-24T15:15:49","date_gmt":"2024-11-24T15:15:49","guid":{"rendered":"https:\/\/www.silvian.nl\/product\/iron-bundle-2\/"},"modified":"2024-12-04T22:54:15","modified_gmt":"2024-12-04T22:54:15","slug":"iron-bundle-2","status":"publish","type":"product","link":"https:\/\/www.silvian.nl\/he\/product\/iron-bundle-2\/","title":{"rendered":"Iron Bundle"},"content":{"rendered":"<p>Switch this Pok\u00e9mon with 1 of your Benched Pok\u00e9mon. If you do, switch out your opponent's Active Pok\u00e9mon to the Bench. (Your opponent chooses the new Active Pok\u00e9mon.)<\/p>\n","protected":false},"excerpt":{"rendered":"<p>It resembles a mysterious object mentioned in an old book. There are only two reported sightings of this Pok\u00e9mon.<\/p>\n","protected":false},"featured_media":35327,"template":"","meta":[],"product_cat":[999,2625],"product_tag":[],"class_list":{"0":"post-35340","1":"product","2":"type-product","3":"status-publish","4":"has-post-thumbnail","6":"product_cat-scarlet-violet","7":"product_cat-twilight-masquerade","9":"first","10":"outofstock","11":"shipping-taxable","12":"product-type-simple"},"_links":{"self":[{"href":"https:\/\/www.silvian.nl\/he\/wp-json\/wp\/v2\/product\/35340","targetHints":{"allow":["GET"]}}],"collection":[{"href":"https:\/\/www.silvian.nl\/he\/wp-json\/wp\/v2\/product"}],"about":[{"href":"https:\/\/www.silvian.nl\/he\/wp-json\/wp\/v2\/types\/product"}],"wp:featuredmedia":[{"embeddable":true,"href":"https:\/\/www.silvian.nl\/he\/wp-json\/wp\/v2\/media\/35327"}],"wp:attachment":[{"href":"https:\/\/www.silvian.nl\/he\/wp-json\/wp\/v2\/media?parent=35340"}],"wp:term":[{"taxonomy":"product_cat","embeddable":true,"href":"https:\/\/www.silvian.nl\/he\/wp-json\/wp\/v2\/product_cat?post=35340"},{"taxonomy":"product_tag","embeddable":true,"href":"https:\/\/www.silvian.nl\/he\/wp-json\/wp\/v2\/product_tag?post=35340"}],"curies":[{"name":"wp","href":"https:\/\/api.w.org\/{rel}","templated":true}]}}