{"id":19174,"date":"2024-11-23T12:40:47","date_gmt":"2024-11-23T12:40:47","guid":{"rendered":"https:\/\/www.silvian.nl\/product\/baltoy\/"},"modified":"2024-12-04T22:24:18","modified_gmt":"2024-12-04T22:24:18","slug":"baltoy","status":"publish","type":"product","link":"https:\/\/www.silvian.nl\/he\/product\/baltoy\/","title":{"rendered":"Baltoy"},"content":{"rendered":"<p>Switch this Pok\u00e9mon with 1 of your Benched Pok\u00e9mon. If you do, switch out your opponent's Active Pok\u00e9mon to the Bench. (Your opponent chooses the new Active Pok\u00e9mon.)<\/p>\n","protected":false},"excerpt":{"rendered":"<p>It was discovered in ancient ruins. While moving, it constantly spins. It stands on one foot even when asleep.<\/p>\n","protected":false},"featured_media":19161,"template":"","meta":[],"product_cat":[1293,999],"product_tag":[],"class_list":{"0":"post-19174","1":"product","2":"type-product","3":"status-publish","4":"has-post-thumbnail","6":"product_cat-obsidian-flames","7":"product_cat-scarlet-violet","9":"first","10":"outofstock","11":"shipping-taxable","12":"product-type-simple"},"_links":{"self":[{"href":"https:\/\/www.silvian.nl\/he\/wp-json\/wp\/v2\/product\/19174","targetHints":{"allow":["GET"]}}],"collection":[{"href":"https:\/\/www.silvian.nl\/he\/wp-json\/wp\/v2\/product"}],"about":[{"href":"https:\/\/www.silvian.nl\/he\/wp-json\/wp\/v2\/types\/product"}],"wp:featuredmedia":[{"embeddable":true,"href":"https:\/\/www.silvian.nl\/he\/wp-json\/wp\/v2\/media\/19161"}],"wp:attachment":[{"href":"https:\/\/www.silvian.nl\/he\/wp-json\/wp\/v2\/media?parent=19174"}],"wp:term":[{"taxonomy":"product_cat","embeddable":true,"href":"https:\/\/www.silvian.nl\/he\/wp-json\/wp\/v2\/product_cat?post=19174"},{"taxonomy":"product_tag","embeddable":true,"href":"https:\/\/www.silvian.nl\/he\/wp-json\/wp\/v2\/product_tag?post=19174"}],"curies":[{"name":"wp","href":"https:\/\/api.w.org\/{rel}","templated":true}]}}