{"id":139454,"date":"2024-12-20T12:40:38","date_gmt":"2024-12-20T12:40:38","guid":{"rendered":"https:\/\/www.silvian.nl\/product\/cobalion-4\/"},"modified":"2024-12-20T12:40:39","modified_gmt":"2024-12-20T12:40:39","slug":"cobalion-4","status":"publish","type":"product","link":"https:\/\/www.silvian.nl\/he\/product\/cobalion-4\/","title":{"rendered":"Cobalion"},"content":{"rendered":"<p>Prevent all damage done to this Pok\u00e9mon by attacks from Basic Pok\u00e9mon during your opponent's next turn. This Pok\u00e9mon can't use Quick Guard during your next turn.<\/p>\n","protected":false},"excerpt":{"rendered":"<p>It has a body and heart of steel. It worked with its allies to punish people when they hurt Pok\u00e9mon.<\/p>\n","protected":false},"featured_media":139441,"template":"","meta":[],"product_cat":[5803,5314],"product_tag":[],"class_list":{"0":"post-139454","1":"product","2":"type-product","3":"status-publish","4":"has-post-thumbnail","6":"product_cat-steam-siege","7":"product_cat-xy","9":"first","10":"outofstock","11":"shipping-taxable","12":"product-type-simple"},"_links":{"self":[{"href":"https:\/\/www.silvian.nl\/he\/wp-json\/wp\/v2\/product\/139454","targetHints":{"allow":["GET"]}}],"collection":[{"href":"https:\/\/www.silvian.nl\/he\/wp-json\/wp\/v2\/product"}],"about":[{"href":"https:\/\/www.silvian.nl\/he\/wp-json\/wp\/v2\/types\/product"}],"wp:featuredmedia":[{"embeddable":true,"href":"https:\/\/www.silvian.nl\/he\/wp-json\/wp\/v2\/media\/139441"}],"wp:attachment":[{"href":"https:\/\/www.silvian.nl\/he\/wp-json\/wp\/v2\/media?parent=139454"}],"wp:term":[{"taxonomy":"product_cat","embeddable":true,"href":"https:\/\/www.silvian.nl\/he\/wp-json\/wp\/v2\/product_cat?post=139454"},{"taxonomy":"product_tag","embeddable":true,"href":"https:\/\/www.silvian.nl\/he\/wp-json\/wp\/v2\/product_tag?post=139454"}],"curies":[{"name":"wp","href":"https:\/\/api.w.org\/{rel}","templated":true}]}}